{"id":636,"date":"2022-01-27T17:52:59","date_gmt":"2022-01-27T16:52:59","guid":{"rendered":"http:\/\/sylviechartiernaturopathe.com\/?page_id=636"},"modified":"2022-01-27T17:55:43","modified_gmt":"2022-01-27T16:55:43","slug":"charte-des-donnees-personnelles","status":"publish","type":"page","link":"https:\/\/sylviechartiernaturopathe.com\/index.php\/charte-des-donnees-personnelles\/","title":{"rendered":"Charte des donn\u00e9es personnelles"},"content":{"rendered":"\t\t<div data-elementor-type=\"wp-page\" data-elementor-id=\"636\" class=\"elementor elementor-636\">\n\t\t\t\t\t\t\t\t\t<section class=\"elementor-section elementor-top-section elementor-element elementor-element-aaea4bd elementor-section-boxed elementor-section-height-default elementor-section-height-default\" data-id=\"aaea4bd\" data-element_type=\"section\">\n\t\t\t\t\t\t<div class=\"elementor-container elementor-column-gap-default\">\n\t\t\t\t\t<div class=\"elementor-column elementor-col-100 elementor-top-column elementor-element elementor-element-e614306\" data-id=\"e614306\" data-element_type=\"column\">\n\t\t\t<div class=\"elementor-widget-wrap elementor-element-populated\">\n\t\t\t\t\t\t\t\t<div class=\"elementor-element elementor-element-3c35aff elementor-widget elementor-widget-heading\" data-id=\"3c35aff\" data-element_type=\"widget\" data-widget_type=\"heading.default\">\n\t\t\t\t<div class=\"elementor-widget-container\">\n\t\t\t<h2 class=\"elementor-heading-title elementor-size-default\">L'instant naturo-\u00e9nergie<\/h2>\t\t<\/div>\n\t\t\t\t<\/div>\n\t\t\t\t\t<\/div>\n\t\t<\/div>\n\t\t\t\t\t\t\t<\/div>\n\t\t<\/section>\n\t\t\t\t<section class=\"elementor-section elementor-top-section elementor-element elementor-element-9b66135 elementor-section-boxed elementor-section-height-default elementor-section-height-default\" data-id=\"9b66135\" data-element_type=\"section\">\n\t\t\t\t\t\t<div class=\"elementor-container elementor-column-gap-default\">\n\t\t\t\t\t<div class=\"elementor-column elementor-col-100 elementor-top-column elementor-element elementor-element-f5dd162\" data-id=\"f5dd162\" data-element_type=\"column\">\n\t\t\t<div class=\"elementor-widget-wrap elementor-element-populated\">\n\t\t\t\t\t\t\t\t<div class=\"elementor-element elementor-element-7fcc016 elementor-widget elementor-widget-text-editor\" data-id=\"7fcc016\" data-element_type=\"widget\" data-widget_type=\"text-editor.default\">\n\t\t\t\t<div class=\"elementor-widget-container\">\n\t\t\t\t\t\t\t<p>VEUILLEZ<strong> LIRE ATTENTIVEMENT LE PR\u00c9SENT DOCUMENT AVANT TOUTE UTILISATION DES SERVICES DU SITE INTERNET ET EN CONSERVER UNE COPIE<\/strong><\/p><p>1. Des informations \u00e0 caract\u00e8re personnelles peuvent \u00eatre recueillies sur le site internet et sont enregistr\u00e9es dans un fichier informatis\u00e9 sur un serveur en Union Europ\u00e9enne par la microentreprise <strong>L&rsquo;instant naturo-\u00e9nergie<\/strong> pour la prise en charge et le bon d\u00e9roulement des consultations.<\/p><p>2. Ces informations comportent le nom et l\u2019adresse de messagerie et les messages adress\u00e9s \u00e0 l\u2019administrateur du site.<\/p><p>3. Ces informations sont stock\u00e9es de fa\u00e7on crypt\u00e9e sur nos serveurs, et leur acc\u00e8s fait l\u2019objet d\u2019un contr\u00f4le strict et r\u00e9serv\u00e9 aux seules personnes ayant besoin d\u2019y acc\u00e9der.<\/p><p>4. En cas de souhait de votre part, les donn\u00e9es personnelles collect\u00e9es pourront \u00eatre effac\u00e9es.<\/p><p>5. Toutefois, les donn\u00e9es personnelles dont la conservation est obligatoire (tels que les documents comptables) seront conserv\u00e9es sous forme d\u2019archives pour toute la dur\u00e9e obligatoire en application du r\u00e9gime applicable.<\/p><p>6. L\u2019acc\u00e8s aux services du site est strictement r\u00e9serv\u00e9 aux personnes majeures ou mineures de plus de 16 ans, c\u2019est-\u00e0-dire en \u00e2ge de consentir seules au traitement de leurs donn\u00e9es personnelles.<\/p><p>7. Les donn\u00e9es personnelles pertinentes sont destin\u00e9es au personnel de la microentreprise <strong>L&rsquo;instant naturo-\u00e9nergie<\/strong> en charge des consultations.<\/p><p>8. Vous disposez d\u2019un droit d\u2019acc\u00e8s, d\u2019interrogation, de modification, de rectification et de suppression des donn\u00e9es personnelles qui vous concernent.<\/p><p>9. Vous disposez \u00e9galement d\u2019un droit d\u2019opposition au traitement de vos donn\u00e9es personnelles, ainsi que d\u2019un droit d\u2019opposition \u00e0 tout moment \u00e0 ce que ces donn\u00e9es soient utilis\u00e9es \u00e0 des fins de prospection commerciale.<\/p><p>10. La microentreprise <strong>L&rsquo;instant naturo-\u00e9nergie<\/strong> attache une importance particuli\u00e8re \u00e0 la protection des donn\u00e9es personnelles de ses utilisateurs, et vous invite \u00e0 prot\u00e9ger de fa\u00e7on ad\u00e9quate vos donn\u00e9es personnelles, par le d\u00e9veloppement de bonnes pratiques.<\/p><p>11. La microentreprise <strong>L&rsquo;instant naturo-\u00e9nergie<\/strong> s\u2019engage \u00e0 faire ses meilleurs efforts pour pr\u00e9venir les utilisateurs ainsi que la CNIL dans les d\u00e9lais les plus brefs en cas d\u2019acc\u00e8s non autoris\u00e9 \u00e0 tout syst\u00e8me h\u00e9bergeant les donn\u00e9es personnelles de ses utilisateurs.<\/p><p>12. Pour tout exercice des droits relatifs aux donn\u00e9es personnelles, vous pouvez contacter :<\/p><p><strong>*<\/strong> Par courrier : L&rsquo;instant naturo-\u00e9nergie, 1 la Tuderie, 72340 Loir-en-Vall\u00e9e, France<\/p><p><strong>*<\/strong>\u00a0Par e-mail :\u00a0<a href=\"naturopathesc@gmail.com\" target=\"_blank\" rel=\"noreferrer noopener\" label=\" (opens in a new tab)\" class=\"broken_link\">naturopathesc@gmail.com<\/a><\/p><p><strong>*<\/strong> Via le formulaire de contact disponible \u00e0 l\u2019adresse suivante : <a href=\"http:\/\/sylviechartiernaturopathe.com\/index.php\/prendre-rendez-vous\/\">http:\/\/sylviechartiernaturopathe.com\/index.php\/prendre-rendez-vous\/<\/a><\/p><p>\u00a0<\/p>\t\t\t\t\t\t<\/div>\n\t\t\t\t<\/div>\n\t\t\t\t\t<\/div>\n\t\t<\/div>\n\t\t\t\t\t\t\t<\/div>\n\t\t<\/section>\n\t\t\t\t\t\t\t<\/div>\n\t\t","protected":false},"excerpt":{"rendered":"<p>L&rsquo;instant naturo-\u00e9nergie VEUILLEZ LIRE ATTENTIVEMENT LE PR\u00c9SENT DOCUMENT AVANT TOUTE UTILISATION DES SERVICES DU SITE INTERNET ET EN CONSERVER UNE COPIE 1. Des informations \u00e0 &hellip; <\/p>\n","protected":false},"author":1,"featured_media":0,"parent":0,"menu_order":0,"comment_status":"closed","ping_status":"closed","template":"","meta":{"footnotes":""},"class_list":["post-636","page","type-page","status-publish","hentry"],"_links":{"self":[{"href":"https:\/\/sylviechartiernaturopathe.com\/index.php\/wp-json\/wp\/v2\/pages\/636","targetHints":{"allow":["GET"]}}],"collection":[{"href":"https:\/\/sylviechartiernaturopathe.com\/index.php\/wp-json\/wp\/v2\/pages"}],"about":[{"href":"https:\/\/sylviechartiernaturopathe.com\/index.php\/wp-json\/wp\/v2\/types\/page"}],"author":[{"embeddable":true,"href":"https:\/\/sylviechartiernaturopathe.com\/index.php\/wp-json\/wp\/v2\/users\/1"}],"replies":[{"embeddable":true,"href":"https:\/\/sylviechartiernaturopathe.com\/index.php\/wp-json\/wp\/v2\/comments?post=636"}],"version-history":[{"count":3,"href":"https:\/\/sylviechartiernaturopathe.com\/index.php\/wp-json\/wp\/v2\/pages\/636\/revisions"}],"predecessor-version":[{"id":639,"href":"https:\/\/sylviechartiernaturopathe.com\/index.php\/wp-json\/wp\/v2\/pages\/636\/revisions\/639"}],"wp:attachment":[{"href":"https:\/\/sylviechartiernaturopathe.com\/index.php\/wp-json\/wp\/v2\/media?parent=636"}],"curies":[{"name":"wp","href":"https:\/\/api.w.org\/{rel}","templated":true}]}}