{"id":49,"date":"2020-06-20T10:17:11","date_gmt":"2020-06-20T08:17:11","guid":{"rendered":"http:\/\/sylviechartiernaturopathe.com\/?page_id=49"},"modified":"2025-10-29T15:31:11","modified_gmt":"2025-10-29T14:31:11","slug":"sylvie-chartier-naturopathe-a-la-chartre-sur-le-loir","status":"publish","type":"page","link":"https:\/\/sylviechartiernaturopathe.com\/","title":{"rendered":"\u00ab\u00a0Harmonie du corps, du c\u0153ur et de l\u2019esprit\u00a0\u00bb"},"content":{"rendered":"\t\t<div data-elementor-type=\"wp-page\" data-elementor-id=\"49\" class=\"elementor elementor-49\">\n\t\t\t\t\t\t\t\t\t<section class=\"elementor-section elementor-top-section elementor-element elementor-element-485c356 elementor-section-boxed elementor-section-height-default elementor-section-height-default\" data-id=\"485c356\" data-element_type=\"section\">\n\t\t\t\t\t\t<div class=\"elementor-container elementor-column-gap-default\">\n\t\t\t\t\t<div class=\"elementor-column elementor-col-100 elementor-top-column elementor-element elementor-element-5ef4dc9\" data-id=\"5ef4dc9\" data-element_type=\"column\">\n\t\t\t<div class=\"elementor-widget-wrap elementor-element-populated\">\n\t\t\t\t\t\t\t\t<section class=\"elementor-section elementor-inner-section elementor-element elementor-element-e8fd2df elementor-section-boxed elementor-section-height-default elementor-section-height-default\" data-id=\"e8fd2df\" data-element_type=\"section\">\n\t\t\t\t\t\t<div class=\"elementor-container elementor-column-gap-default\">\n\t\t\t\t\t<div class=\"elementor-column elementor-col-50 elementor-inner-column elementor-element elementor-element-df2502d\" data-id=\"df2502d\" data-element_type=\"column\">\n\t\t\t<div class=\"elementor-widget-wrap elementor-element-populated\">\n\t\t\t\t\t\t\t\t<div class=\"elementor-element elementor-element-f8ff1e0 elementor-widget elementor-widget-text-editor\" data-id=\"f8ff1e0\" data-element_type=\"widget\" data-widget_type=\"text-editor.default\">\n\t\t\t\t<div class=\"elementor-widget-container\">\n\t\t\t\t\t\t\t<p><em>Vous avez vos ressources, je vous aide \u00e0 les mettre en lumi\u00e8re et vous accompagne pendant votre \u00e9volution.<\/em><\/p><p><em><strong>Gu\u00e9risseuse \u00c9nerg\u00e9ticienne.<\/strong><\/em><\/p><p>Praticienne de sant\u00e9 Holistique, je vous conseille avec mon panel d\u2019outils :<\/p><ul><li>Bilan Bio-nutritionnel<\/li><li>Gemmoth\u00e9rapie<\/li><li>Aromath\u00e9rapie<\/li><li>Oligoth\u00e9rapie<\/li><li>Elixirs du Bush Australien<\/li><li>Apith\u00e9rapie<\/li><\/ul><p>Je vous propose\u00a0 des s\u00e9ances \u00e9nerg\u00e9tiques sur rendez-vous au cabinet pour tous : femmes, hommes, b\u00e9b\u00e9s, enfants, adolescents, adultes, s\u00e9niors\u2026<\/p>\t\t\t\t\t\t<\/div>\n\t\t\t\t<\/div>\n\t\t\t\t\t<\/div>\n\t\t<\/div>\n\t\t\t\t<div class=\"elementor-column elementor-col-50 elementor-inner-column elementor-element elementor-element-20794e2\" data-id=\"20794e2\" data-element_type=\"column\">\n\t\t\t<div class=\"elementor-widget-wrap elementor-element-populated\">\n\t\t\t\t\t\t\t\t<div class=\"elementor-element elementor-element-75549f5 elementor-widget elementor-widget-image\" data-id=\"75549f5\" data-element_type=\"widget\" data-widget_type=\"image.default\">\n\t\t\t\t<div class=\"elementor-widget-container\">\n\t\t\t\t\t\t\t\t\t\t\t\t<figure class=\"wp-caption\">\n\t\t\t\t\t\t\t\t\t\t\t<a href=\"http:\/\/sylviechartiernaturopathe.com\/index.php\/qui-suis-je\/\">\n\t\t\t\t\t\t\t<img decoding=\"async\" src=\"https:\/\/sylviechartiernaturopathe.com\/wp-content\/uploads\/2022\/01\/Plan-de-travail-1.png\" title=\"Plan de travail 1\" alt=\"Plan de travail 1\" loading=\"lazy\" \/>\t\t\t\t\t\t\t\t<\/a>\n\t\t\t\t\t\t\t\t\t\t\t<figcaption class=\"widget-image-caption wp-caption-text\">Sylvie Chartier-Pollet<\/figcaption>\n\t\t\t\t\t\t\t\t\t\t<\/figure>\n\t\t\t\t\t\t\t\t\t<\/div>\n\t\t\t\t<\/div>\n\t\t\t\t\t<\/div>\n\t\t<\/div>\n\t\t\t\t\t\t\t<\/div>\n\t\t<\/section>\n\t\t\t\t\t<\/div>\n\t\t<\/div>\n\t\t\t\t\t\t\t<\/div>\n\t\t<\/section>\n\t\t\t\t\t\t\t<\/div>\n\t\t","protected":false},"excerpt":{"rendered":"<p>Vous avez vos ressources, je vous aide \u00e0 les mettre en lumi\u00e8re et vous accompagne pendant votre \u00e9volution. Gu\u00e9risseuse \u00c9nerg\u00e9ticienne. Praticienne de sant\u00e9 Holistique, je &hellip; <\/p>\n","protected":false},"author":1,"featured_media":0,"parent":0,"menu_order":0,"comment_status":"closed","ping_status":"closed","template":"","meta":{"footnotes":""},"class_list":["post-49","page","type-page","status-publish","hentry"],"_links":{"self":[{"href":"https:\/\/sylviechartiernaturopathe.com\/index.php\/wp-json\/wp\/v2\/pages\/49","targetHints":{"allow":["GET"]}}],"collection":[{"href":"https:\/\/sylviechartiernaturopathe.com\/index.php\/wp-json\/wp\/v2\/pages"}],"about":[{"href":"https:\/\/sylviechartiernaturopathe.com\/index.php\/wp-json\/wp\/v2\/types\/page"}],"author":[{"embeddable":true,"href":"https:\/\/sylviechartiernaturopathe.com\/index.php\/wp-json\/wp\/v2\/users\/1"}],"replies":[{"embeddable":true,"href":"https:\/\/sylviechartiernaturopathe.com\/index.php\/wp-json\/wp\/v2\/comments?post=49"}],"version-history":[{"count":29,"href":"https:\/\/sylviechartiernaturopathe.com\/index.php\/wp-json\/wp\/v2\/pages\/49\/revisions"}],"predecessor-version":[{"id":1129,"href":"https:\/\/sylviechartiernaturopathe.com\/index.php\/wp-json\/wp\/v2\/pages\/49\/revisions\/1129"}],"wp:attachment":[{"href":"https:\/\/sylviechartiernaturopathe.com\/index.php\/wp-json\/wp\/v2\/media?parent=49"}],"curies":[{"name":"wp","href":"https:\/\/api.w.org\/{rel}","templated":true}]}}