{"id":470,"date":"2022-01-27T14:44:04","date_gmt":"2022-01-27T13:44:04","guid":{"rendered":"http:\/\/sylviechartiernaturopathe.com\/?page_id=470"},"modified":"2025-10-30T14:19:10","modified_gmt":"2025-10-30T13:19:10","slug":"accompagnements","status":"publish","type":"page","link":"https:\/\/sylviechartiernaturopathe.com\/index.php\/accompagnements\/","title":{"rendered":"Les soins"},"content":{"rendered":"\t\t<div data-elementor-type=\"wp-page\" data-elementor-id=\"470\" class=\"elementor elementor-470\">\n\t\t\t\t\t\t\t\t\t<section class=\"elementor-section elementor-top-section elementor-element elementor-element-9b23364 elementor-section-boxed elementor-section-height-default elementor-section-height-default\" data-id=\"9b23364\" data-element_type=\"section\">\n\t\t\t\t\t\t<div class=\"elementor-container elementor-column-gap-default\">\n\t\t\t\t\t<div class=\"elementor-column elementor-col-100 elementor-top-column elementor-element elementor-element-ed641f1\" data-id=\"ed641f1\" data-element_type=\"column\">\n\t\t\t<div class=\"elementor-widget-wrap elementor-element-populated\">\n\t\t\t\t\t\t\t\t<div class=\"elementor-element elementor-element-fd770b1 elementor-position-left elementor-vertical-align-top elementor-widget elementor-widget-image-box\" data-id=\"fd770b1\" data-element_type=\"widget\" data-widget_type=\"image-box.default\">\n\t\t\t\t<div class=\"elementor-widget-container\">\n\t\t\t<div class=\"elementor-image-box-wrapper\"><figure class=\"elementor-image-box-img\"><a href=\"http:\/\/sylviechartiernaturopathe.com\/index.php\/soins-energetiques\/\" tabindex=\"-1\"><img loading=\"lazy\" decoding=\"async\" width=\"258\" height=\"300\" src=\"https:\/\/sylviechartiernaturopathe.com\/wp-content\/uploads\/2022\/01\/caduce-chakras12x612-258x300.jpg\" class=\"attachment-medium size-medium wp-image-483\" alt=\"\" srcset=\"https:\/\/sylviechartiernaturopathe.com\/wp-content\/uploads\/2022\/01\/caduce-chakras12x612-258x300.jpg 258w, https:\/\/sylviechartiernaturopathe.com\/wp-content\/uploads\/2022\/01\/caduce-chakras12x612-52x60.jpg 52w, https:\/\/sylviechartiernaturopathe.com\/wp-content\/uploads\/2022\/01\/caduce-chakras12x612.jpg 527w\" sizes=\"auto, (max-width: 258px) 100vw, 258px\" \/><\/a><\/figure><div class=\"elementor-image-box-content\"><h3 class=\"elementor-image-box-title\"><a href=\"http:\/\/sylviechartiernaturopathe.com\/index.php\/soins-energetiques\/\">Soins \u00e9nerg\u00e9tiques<\/a><\/h3><p class=\"elementor-image-box-description\">S\u00e9ance \u00e9nerg\u00e9tique pour l\u2019harmonie du corps, du c\u0153ur et de l\u2019esprit. Nous sommes tous constitu\u00e9 d\u2019\u00e9nergie. L\u2019\u00eatre humain est un concentr\u00e9 d\u2019\u00e9nergie vibratoire couvrant les corps physique, \u00e9motionnel, mental et spirituel...<\/p><\/div><\/div>\t\t<\/div>\n\t\t\t\t<\/div>\n\t\t\t\t\t<\/div>\n\t\t<\/div>\n\t\t\t\t\t\t\t<\/div>\n\t\t<\/section>\n\t\t\t\t<section class=\"elementor-section elementor-top-section elementor-element elementor-element-bc014e8 elementor-section-boxed elementor-section-height-default elementor-section-height-default\" data-id=\"bc014e8\" data-element_type=\"section\">\n\t\t\t\t\t\t<div class=\"elementor-container elementor-column-gap-default\">\n\t\t\t\t\t<div class=\"elementor-column elementor-col-100 elementor-top-column elementor-element elementor-element-d819a46\" data-id=\"d819a46\" data-element_type=\"column\">\n\t\t\t<div class=\"elementor-widget-wrap elementor-element-populated\">\n\t\t\t\t\t\t\t\t<div class=\"elementor-element elementor-element-e56c810 elementor-position-right elementor-vertical-align-top elementor-widget elementor-widget-image-box\" data-id=\"e56c810\" data-element_type=\"widget\" data-widget_type=\"image-box.default\">\n\t\t\t\t<div class=\"elementor-widget-container\">\n\t\t\t<div class=\"elementor-image-box-wrapper\"><figure class=\"elementor-image-box-img\"><a href=\"http:\/\/sylviechartiernaturopathe.com\/index.php\/naturopathie-2\/\" tabindex=\"-1\"><img loading=\"lazy\" decoding=\"async\" width=\"300\" height=\"151\" src=\"https:\/\/sylviechartiernaturopathe.com\/wp-content\/uploads\/2022\/01\/main-bulle-1129110491-612x612-1-300x151.jpg\" class=\"attachment-medium size-medium wp-image-480\" alt=\"\" srcset=\"https:\/\/sylviechartiernaturopathe.com\/wp-content\/uploads\/2022\/01\/main-bulle-1129110491-612x612-1-300x151.jpg 300w, https:\/\/sylviechartiernaturopathe.com\/wp-content\/uploads\/2022\/01\/main-bulle-1129110491-612x612-1-119x60.jpg 119w, https:\/\/sylviechartiernaturopathe.com\/wp-content\/uploads\/2022\/01\/main-bulle-1129110491-612x612-1-600x303.jpg 600w, https:\/\/sylviechartiernaturopathe.com\/wp-content\/uploads\/2022\/01\/main-bulle-1129110491-612x612-1.jpg 612w\" sizes=\"auto, (max-width: 300px) 100vw, 300px\" \/><\/a><\/figure><div class=\"elementor-image-box-content\"><h3 class=\"elementor-image-box-title\"><a href=\"http:\/\/sylviechartiernaturopathe.com\/index.php\/naturopathie-2\/\">Naturopathie<\/a><\/h3><p class=\"elementor-image-box-description\">Une m\u00e9decine pr\u00e9ventive. Etymologiquement d\u00e9riv\u00e9e des mots nature et pathologie, la naturopathie regroupe toutes les m\u00e9thodes naturelles de sant\u00e9 et place l\u2019hygi\u00e8ne de vie au c\u0153ur de la sant\u00e9 des individus...<\/p><\/div><\/div>\t\t<\/div>\n\t\t\t\t<\/div>\n\t\t\t\t\t<\/div>\n\t\t<\/div>\n\t\t\t\t\t\t\t<\/div>\n\t\t<\/section>\n\t\t\t\t<section class=\"elementor-section elementor-top-section elementor-element elementor-element-ead4e7a elementor-section-boxed elementor-section-height-default elementor-section-height-default\" data-id=\"ead4e7a\" data-element_type=\"section\">\n\t\t\t\t\t\t<div class=\"elementor-container elementor-column-gap-default\">\n\t\t\t\t\t<div class=\"elementor-column elementor-col-100 elementor-top-column elementor-element elementor-element-7a616ae\" data-id=\"7a616ae\" data-element_type=\"column\">\n\t\t\t<div class=\"elementor-widget-wrap elementor-element-populated\">\n\t\t\t\t\t\t\t\t<div class=\"elementor-element elementor-element-592b3f9 elementor-position-left elementor-vertical-align-top elementor-widget elementor-widget-image-box\" data-id=\"592b3f9\" data-element_type=\"widget\" data-widget_type=\"image-box.default\">\n\t\t\t\t<div class=\"elementor-widget-container\">\n\t\t\t<div class=\"elementor-image-box-wrapper\"><figure class=\"elementor-image-box-img\"><a href=\"http:\/\/sylviechartiernaturopathe.com\/index.php\/magnetisme-2\/\" tabindex=\"-1\"><img loading=\"lazy\" decoding=\"async\" width=\"300\" height=\"200\" src=\"https:\/\/sylviechartiernaturopathe.com\/wp-content\/uploads\/2022\/01\/main-soleil-583735462-612x612-1-300x200.jpg\" class=\"attachment-medium size-medium wp-image-496\" alt=\"\" srcset=\"https:\/\/sylviechartiernaturopathe.com\/wp-content\/uploads\/2022\/01\/main-soleil-583735462-612x612-1-300x200.jpg 300w, https:\/\/sylviechartiernaturopathe.com\/wp-content\/uploads\/2022\/01\/main-soleil-583735462-612x612-1-90x60.jpg 90w, https:\/\/sylviechartiernaturopathe.com\/wp-content\/uploads\/2022\/01\/main-soleil-583735462-612x612-1-420x280.jpg 420w, https:\/\/sylviechartiernaturopathe.com\/wp-content\/uploads\/2022\/01\/main-soleil-583735462-612x612-1-600x400.jpg 600w, https:\/\/sylviechartiernaturopathe.com\/wp-content\/uploads\/2022\/01\/main-soleil-583735462-612x612-1.jpg 612w\" sizes=\"auto, (max-width: 300px) 100vw, 300px\" \/><\/a><\/figure><div class=\"elementor-image-box-content\"><h3 class=\"elementor-image-box-title\"><a href=\"http:\/\/sylviechartiernaturopathe.com\/index.php\/magnetisme-2\/\">Magn\u00e9tisme<\/a><\/h3><p class=\"elementor-image-box-description\">Le magn\u00e9tiseur est un praticien du magn\u00e9tisme appartenant aux th\u00e9rapies \u00e9nerg\u00e9tiques. Il transmet l\u2019\u00e9nergie magn\u00e9tique destin\u00e9e \u00e0 r\u00e9tablir l\u2019harmonie, r\u00e9\u00e9quilibrer le corps, l\u2019\u00e2me et l\u2019esprit...<\/p><\/div><\/div>\t\t<\/div>\n\t\t\t\t<\/div>\n\t\t\t\t\t<\/div>\n\t\t<\/div>\n\t\t\t\t\t\t\t<\/div>\n\t\t<\/section>\n\t\t\t\t<section class=\"elementor-section elementor-top-section elementor-element elementor-element-5af620f elementor-section-boxed elementor-section-height-default elementor-section-height-default\" data-id=\"5af620f\" data-element_type=\"section\">\n\t\t\t\t\t\t<div class=\"elementor-container elementor-column-gap-default\">\n\t\t\t\t\t<div class=\"elementor-column elementor-col-100 elementor-top-column elementor-element elementor-element-1bbae23\" data-id=\"1bbae23\" data-element_type=\"column\">\n\t\t\t<div class=\"elementor-widget-wrap elementor-element-populated\">\n\t\t\t\t\t\t\t\t<div class=\"elementor-element elementor-element-7ed0be7 elementor-position-right elementor-vertical-align-top elementor-widget elementor-widget-image-box\" data-id=\"7ed0be7\" data-element_type=\"widget\" data-widget_type=\"image-box.default\">\n\t\t\t\t<div class=\"elementor-widget-container\">\n\t\t\t<div class=\"elementor-image-box-wrapper\"><figure class=\"elementor-image-box-img\"><a href=\"http:\/\/sylviechartiernaturopathe.com\/index.php\/seance-de-bougie-auriculaire-hopi\/\" tabindex=\"-1\"><img loading=\"lazy\" decoding=\"async\" width=\"300\" height=\"200\" src=\"https:\/\/sylviechartiernaturopathe.com\/wp-content\/uploads\/2022\/01\/bougie-doreille-300x200.jpg\" class=\"attachment-medium size-medium wp-image-429\" alt=\"\" srcset=\"https:\/\/sylviechartiernaturopathe.com\/wp-content\/uploads\/2022\/01\/bougie-doreille-300x200.jpg 300w, https:\/\/sylviechartiernaturopathe.com\/wp-content\/uploads\/2022\/01\/bougie-doreille-90x60.jpg 90w, https:\/\/sylviechartiernaturopathe.com\/wp-content\/uploads\/2022\/01\/bougie-doreille-420x280.jpg 420w, https:\/\/sylviechartiernaturopathe.com\/wp-content\/uploads\/2022\/01\/bougie-doreille-600x400.jpg 600w, https:\/\/sylviechartiernaturopathe.com\/wp-content\/uploads\/2022\/01\/bougie-doreille.jpg 612w\" sizes=\"auto, (max-width: 300px) 100vw, 300px\" \/><\/a><\/figure><div class=\"elementor-image-box-content\"><h3 class=\"elementor-image-box-title\"><a href=\"http:\/\/sylviechartiernaturopathe.com\/index.php\/seance-de-bougie-auriculaire-hopi\/\">S\u00e9ance de Bougies Hopi\u00ae<\/a><\/h3><p class=\"elementor-image-box-description\">Pour une relaxation profonde et fascinante. Autrefois les indiens Hopi\u00ae utilisaient les Bougies d\u2019oreille, cette technique ancestrale, pour se r\u00e9g\u00e9n\u00e9rer. Comment \u00e7a marche ? En br\u00fblant, la bougie auriculaire a deux effets sur votre conduit auditif...<\/p><\/div><\/div>\t\t<\/div>\n\t\t\t\t<\/div>\n\t\t\t\t\t<\/div>\n\t\t<\/div>\n\t\t\t\t\t\t\t<\/div>\n\t\t<\/section>\n\t\t\t\t<section class=\"elementor-section elementor-top-section elementor-element elementor-element-53e8933 elementor-section-boxed elementor-section-height-default elementor-section-height-default\" data-id=\"53e8933\" data-element_type=\"section\">\n\t\t\t\t\t\t<div class=\"elementor-container elementor-column-gap-default\">\n\t\t\t\t\t<div class=\"elementor-column elementor-col-100 elementor-top-column elementor-element elementor-element-b57543f\" data-id=\"b57543f\" data-element_type=\"column\">\n\t\t\t<div class=\"elementor-widget-wrap elementor-element-populated\">\n\t\t\t\t\t\t\t\t<div class=\"elementor-element elementor-element-1575fbe elementor-position-left elementor-widget__width-initial elementor-vertical-align-top elementor-widget elementor-widget-image-box\" data-id=\"1575fbe\" data-element_type=\"widget\" data-widget_type=\"image-box.default\">\n\t\t\t\t<div class=\"elementor-widget-container\">\n\t\t\t<div class=\"elementor-image-box-wrapper\"><figure class=\"elementor-image-box-img\"><a href=\"http:\/\/sylviechartiernaturopathe.com\/index.php\/massages\/\" tabindex=\"-1\"><img loading=\"lazy\" decoding=\"async\" width=\"300\" height=\"239\" src=\"https:\/\/sylviechartiernaturopathe.com\/wp-content\/uploads\/2022\/01\/Amma-Assis-0702021-300x239.jpg\" class=\"attachment-medium size-medium wp-image-444\" alt=\"\" srcset=\"https:\/\/sylviechartiernaturopathe.com\/wp-content\/uploads\/2022\/01\/Amma-Assis-0702021-300x239.jpg 300w, https:\/\/sylviechartiernaturopathe.com\/wp-content\/uploads\/2022\/01\/Amma-Assis-0702021-75x60.jpg 75w, https:\/\/sylviechartiernaturopathe.com\/wp-content\/uploads\/2022\/01\/Amma-Assis-0702021.jpg 528w\" sizes=\"auto, (max-width: 300px) 100vw, 300px\" \/><\/a><\/figure><div class=\"elementor-image-box-content\"><h3 class=\"elementor-image-box-title\"><a href=\"http:\/\/sylviechartiernaturopathe.com\/index.php\/massages\/\">Massages<\/a><\/h3><p class=\"elementor-image-box-description\"> Amma Assis : relaxant et dynamisant. Soulager par la toucher.\n\n\nDrainage lymphatique: \u00e9liminer les toxines, renforcer le syst\u00e8me immunitaire.\n\n\n\n<\/p><\/div><\/div>\t\t<\/div>\n\t\t\t\t<\/div>\n\t\t\t\t\t<\/div>\n\t\t<\/div>\n\t\t\t\t\t\t\t<\/div>\n\t\t<\/section>\n\t\t\t\t<section class=\"elementor-section elementor-top-section elementor-element elementor-element-0a787fb elementor-section-boxed elementor-section-height-default elementor-section-height-default\" data-id=\"0a787fb\" data-element_type=\"section\">\n\t\t\t\t\t\t<div class=\"elementor-container elementor-column-gap-default\">\n\t\t\t\t\t<div class=\"elementor-column elementor-col-100 elementor-top-column elementor-element elementor-element-3bee056\" data-id=\"3bee056\" data-element_type=\"column\">\n\t\t\t<div class=\"elementor-widget-wrap elementor-element-populated\">\n\t\t\t\t\t\t\t\t<div class=\"elementor-element elementor-element-900c2b6 elementor-widget elementor-widget-heading\" data-id=\"900c2b6\" data-element_type=\"widget\" data-widget_type=\"heading.default\">\n\t\t\t\t<div class=\"elementor-widget-container\">\n\t\t\t<h2 class=\"elementor-heading-title elementor-size-default\">NETTOYAGE ENERGETIQUE D'UN LIEU<\/h2>\t\t<\/div>\n\t\t\t\t<\/div>\n\t\t\t\t\t<\/div>\n\t\t<\/div>\n\t\t\t\t\t\t\t<\/div>\n\t\t<\/section>\n\t\t\t\t<section class=\"elementor-section elementor-top-section elementor-element elementor-element-8edff1a elementor-section-boxed elementor-section-height-default elementor-section-height-default\" data-id=\"8edff1a\" data-element_type=\"section\">\n\t\t\t\t\t\t<div class=\"elementor-container elementor-column-gap-default\">\n\t\t\t\t\t<div class=\"elementor-column elementor-col-50 elementor-top-column elementor-element elementor-element-7d7ae56\" data-id=\"7d7ae56\" data-element_type=\"column\">\n\t\t\t<div class=\"elementor-widget-wrap elementor-element-populated\">\n\t\t\t\t\t\t\t\t<div class=\"elementor-element elementor-element-7030619 elementor-widget__width-initial elementor-widget elementor-widget-image\" data-id=\"7030619\" data-element_type=\"widget\" data-widget_type=\"image.default\">\n\t\t\t\t<div class=\"elementor-widget-container\">\n\t\t\t\t\t\t\t\t\t\t\t\t\t\t\t<img loading=\"lazy\" decoding=\"async\" width=\"840\" height=\"724\" src=\"https:\/\/sylviechartiernaturopathe.com\/wp-content\/uploads\/2025\/10\/house-insurance-419058_1280-1024x883.jpg\" class=\"attachment-large size-large wp-image-1095\" alt=\"\" srcset=\"https:\/\/sylviechartiernaturopathe.com\/wp-content\/uploads\/2025\/10\/house-insurance-419058_1280-1024x883.jpg 1024w, https:\/\/sylviechartiernaturopathe.com\/wp-content\/uploads\/2025\/10\/house-insurance-419058_1280-300x259.jpg 300w, https:\/\/sylviechartiernaturopathe.com\/wp-content\/uploads\/2025\/10\/house-insurance-419058_1280-768x662.jpg 768w, https:\/\/sylviechartiernaturopathe.com\/wp-content\/uploads\/2025\/10\/house-insurance-419058_1280-70x60.jpg 70w, https:\/\/sylviechartiernaturopathe.com\/wp-content\/uploads\/2025\/10\/house-insurance-419058_1280.jpg 1280w\" sizes=\"auto, (max-width: 840px) 100vw, 840px\" \/>\t\t\t\t\t\t\t\t\t\t\t\t\t\t\t<\/div>\n\t\t\t\t<\/div>\n\t\t\t\t<div class=\"elementor-element elementor-element-bb98880 elementor-widget elementor-widget-text-editor\" data-id=\"bb98880\" data-element_type=\"widget\" data-widget_type=\"text-editor.default\">\n\t\t\t\t<div class=\"elementor-widget-container\">\n\t\t\t\t\t\t\t<p>Mon intervention sur le lieu: Nettoyage \u00e9nerg\u00e9tique et purification.<\/p><p>Tarifs:<\/p><p>Maison individuelle, le tarif est d\u00e9fini en fonction de la surface du nombre de pi\u00e8ces, de l&#8217;emplacement et du temps n\u00e9cessaire \u00e0 l&rsquo;intervention ( 2 H minimum)<\/p><p>Des frais de d\u00e9placement sont \u00e9ventuellement \u00e0 pr\u00e9voir.<\/p><p>Le minimum est de 120\u20ac pour un studio.<\/p><p>Demande d&rsquo;informations et devis par mail.<\/p>\t\t\t\t\t\t<\/div>\n\t\t\t\t<\/div>\n\t\t\t\t\t<\/div>\n\t\t<\/div>\n\t\t\t\t<div class=\"elementor-column elementor-col-50 elementor-top-column elementor-element elementor-element-0866c87\" data-id=\"0866c87\" data-element_type=\"column\">\n\t\t\t<div class=\"elementor-widget-wrap elementor-element-populated\">\n\t\t\t\t\t\t\t\t<div class=\"elementor-element elementor-element-b385fc5 elementor-widget elementor-widget-text-editor\" data-id=\"b385fc5\" data-element_type=\"widget\" data-widget_type=\"text-editor.default\">\n\t\t\t\t<div class=\"elementor-widget-container\">\n\t\t\t\t\t\t\t<p>Notre lieu de vie, est porteur de m\u00e9moires \u00e9nerg\u00e9tiques, le nettoyer\u00a0 \u00e9nerg\u00e9tiquement consiste \u00e0 le purifier et transmuter ses m\u00e9moires ind\u00e9sirables.<\/p><p>Pourquoi faire un nettoyage ?<\/p><ul><li>Pour faire de votre lieu de vie, un espace de ressourcement<\/li><li>Pour restaurer des \u00e9nergies saines<\/li><\/ul><p>A quel moment faire un nettoyage ?<\/p><ul><li>Avant un emm\u00e9nagement pour nettoyer les anciennes empreintes \u00e9nerg\u00e9tiques<\/li><li>Quant la configuration familiale change (s\u00e9paration, deuil, d\u00e9part des enfants&#8230;)<\/li><li>Quant les d\u00e9bordements \u00e9motionnels sont importants et fr\u00e9quents<\/li><li>Lorsque le sommeil est r\u00e9guli\u00e8rement perturb\u00e9<\/li><li>Apr\u00e8s une maladie, une d\u00e9pression pour nettoyer toutes les \u00e9nergies \u00e9mises pendant cette p\u00e9riode<\/li><li>Lorsqu&rsquo;un mal \u00eatre se fait sentir sans raison apparente.<\/li><\/ul><p>Tout comme vous prenez soin de votre corps et de votre \u00e9nergie, votre lieu de vie m\u00e9rite \u00e9galement toute votre attention.<\/p>\t\t\t\t\t\t<\/div>\n\t\t\t\t<\/div>\n\t\t\t\t\t<\/div>\n\t\t<\/div>\n\t\t\t\t\t\t\t<\/div>\n\t\t<\/section>\n\t\t\t\t\t\t\t<\/div>\n\t\t","protected":false},"excerpt":{"rendered":"<p>Soins \u00e9nerg\u00e9tiques S\u00e9ance \u00e9nerg\u00e9tique pour l\u2019harmonie du corps, du c\u0153ur et de l\u2019esprit. Nous sommes tous constitu\u00e9 d\u2019\u00e9nergie. L\u2019\u00eatre humain est un concentr\u00e9 d\u2019\u00e9nergie vibratoire &hellip; <\/p>\n","protected":false},"author":1,"featured_media":0,"parent":0,"menu_order":0,"comment_status":"closed","ping_status":"closed","template":"","meta":{"footnotes":""},"class_list":["post-470","page","type-page","status-publish","hentry"],"_links":{"self":[{"href":"https:\/\/sylviechartiernaturopathe.com\/index.php\/wp-json\/wp\/v2\/pages\/470","targetHints":{"allow":["GET"]}}],"collection":[{"href":"https:\/\/sylviechartiernaturopathe.com\/index.php\/wp-json\/wp\/v2\/pages"}],"about":[{"href":"https:\/\/sylviechartiernaturopathe.com\/index.php\/wp-json\/wp\/v2\/types\/page"}],"author":[{"embeddable":true,"href":"https:\/\/sylviechartiernaturopathe.com\/index.php\/wp-json\/wp\/v2\/users\/1"}],"replies":[{"embeddable":true,"href":"https:\/\/sylviechartiernaturopathe.com\/index.php\/wp-json\/wp\/v2\/comments?post=470"}],"version-history":[{"count":77,"href":"https:\/\/sylviechartiernaturopathe.com\/index.php\/wp-json\/wp\/v2\/pages\/470\/revisions"}],"predecessor-version":[{"id":1168,"href":"https:\/\/sylviechartiernaturopathe.com\/index.php\/wp-json\/wp\/v2\/pages\/470\/revisions\/1168"}],"wp:attachment":[{"href":"https:\/\/sylviechartiernaturopathe.com\/index.php\/wp-json\/wp\/v2\/media?parent=470"}],"curies":[{"name":"wp","href":"https:\/\/api.w.org\/{rel}","templated":true}]}}