{"id":467,"date":"2022-01-18T12:56:17","date_gmt":"2022-01-18T11:56:17","guid":{"rendered":"http:\/\/sylviechartiernaturopathe.com\/?page_id=467"},"modified":"2025-10-29T14:05:31","modified_gmt":"2025-10-29T13:05:31","slug":"frequence-vibratoire","status":"publish","type":"page","link":"https:\/\/sylviechartiernaturopathe.com\/index.php\/frequence-vibratoire\/","title":{"rendered":"Parenth\u00e8se suspendue"},"content":{"rendered":"\t\t<div data-elementor-type=\"wp-page\" data-elementor-id=\"467\" class=\"elementor elementor-467\">\n\t\t\t\t\t\t\t\t\t<section class=\"elementor-section elementor-top-section elementor-element elementor-element-2facf4b elementor-section-boxed elementor-section-height-default elementor-section-height-default\" data-id=\"2facf4b\" data-element_type=\"section\">\n\t\t\t\t\t\t<div class=\"elementor-container elementor-column-gap-default\">\n\t\t\t\t\t<div class=\"elementor-column elementor-col-100 elementor-top-column elementor-element elementor-element-80b41e2\" data-id=\"80b41e2\" data-element_type=\"column\">\n\t\t\t<div class=\"elementor-widget-wrap elementor-element-populated\">\n\t\t\t\t\t\t\t\t<div class=\"elementor-element elementor-element-199ab8c elementor-widget elementor-widget-text-editor\" data-id=\"199ab8c\" data-element_type=\"widget\" data-widget_type=\"text-editor.default\">\n\t\t\t\t<div class=\"elementor-widget-container\">\n\t\t\t\t\t\t\t<p style=\"text-align: center;\"><strong>La relaxation, un simple outil de\u00a0<\/strong><b>d\u00e9tente<\/b><\/p><p style=\"text-align: center;\"><strong>Pour prendre soin de soi en conscience<\/strong><\/p><p style=\"text-align: center;\"><strong>Pour se reconnecter \u00e0 Soi<\/strong><\/p>\t\t\t\t\t\t<\/div>\n\t\t\t\t<\/div>\n\t\t\t\t\t<\/div>\n\t\t<\/div>\n\t\t\t\t\t\t\t<\/div>\n\t\t<\/section>\n\t\t\t\t<section class=\"elementor-section elementor-top-section elementor-element elementor-element-6f99938 elementor-section-boxed elementor-section-height-default elementor-section-height-default\" data-id=\"6f99938\" data-element_type=\"section\">\n\t\t\t\t\t\t<div class=\"elementor-container elementor-column-gap-default\">\n\t\t\t\t\t<div class=\"elementor-column elementor-col-100 elementor-top-column elementor-element elementor-element-f81ebba\" data-id=\"f81ebba\" data-element_type=\"column\">\n\t\t\t<div class=\"elementor-widget-wrap elementor-element-populated\">\n\t\t\t\t\t\t\t\t<div class=\"elementor-element elementor-element-f98a6ae elementor-widget elementor-widget-text-editor\" data-id=\"f98a6ae\" data-element_type=\"widget\" data-widget_type=\"text-editor.default\">\n\t\t\t\t<div class=\"elementor-widget-container\">\n\t\t\t\t\t\t\t<p><strong>La relaxation<\/strong> un simple outil de d\u00e9tente: s&rsquo;offrir du temps et une attention centr\u00e9e sur le corps et l&rsquo;esprit.<\/p><p>D\u00e9finition du mot \u00ab\u00a0relaxation\u00a0\u00bb : du latin \u00ab\u00a0relaxare\u00a0\u00bb qui signifie \u00ab\u00a0rel\u00e2cher, lib\u00e9rer\u00a0\u00bb, \u00e0 l&rsquo;image du prisonnier qu&rsquo;on relaxe.<\/p><p>Lorsqu&rsquo;on pratique la relaxation, on se lib\u00e8re de tout ce qui ne nous sert plus et on active nos ressources, nos \u00e9nergies pr\u00e9sentes en chacun de nous.<\/p><p>La relaxation permet de plonger en son int\u00e9rieur pour \u00e9voluer vers une version plus l\u00e9g\u00e8re de soi-m\u00eame.<\/p>\t\t\t\t\t\t<\/div>\n\t\t\t\t<\/div>\n\t\t\t\t\t<\/div>\n\t\t<\/div>\n\t\t\t\t\t\t\t<\/div>\n\t\t<\/section>\n\t\t\t\t<section class=\"elementor-section elementor-top-section elementor-element elementor-element-ec794f2 elementor-section-boxed elementor-section-height-default elementor-section-height-default\" data-id=\"ec794f2\" data-element_type=\"section\">\n\t\t\t\t\t\t<div class=\"elementor-container elementor-column-gap-default\">\n\t\t\t\t\t<div class=\"elementor-column elementor-col-50 elementor-top-column elementor-element elementor-element-8d89e1b\" data-id=\"8d89e1b\" data-element_type=\"column\">\n\t\t\t<div class=\"elementor-widget-wrap elementor-element-populated\">\n\t\t\t\t\t\t\t\t<div class=\"elementor-element elementor-element-354b8ce elementor-widget elementor-widget-text-editor\" data-id=\"354b8ce\" data-element_type=\"widget\" data-widget_type=\"text-editor.default\">\n\t\t\t\t<div class=\"elementor-widget-container\">\n\t\t\t\t\t\t\t<p style=\"text-align: center;\"><strong>S\u00e9ances collectives<\/strong><\/p><p>Des exercices simples pour:<\/p><p>S&rsquo;installer dans l&rsquo;instant pr\u00e9sent,<\/p><p>s&rsquo;offrir un temps de pause,<\/p><p>cultiver son bien-\u00eatre,<\/p><p>\u00e9vacuer le n\u00e9gatif et se remplir de positif,<\/p><p>diminuer le stress,<\/p><p>d\u00e9nouer les tensions musculaires,<\/p><p>am\u00e9liorer sa respiration,<\/p><p>prendre du recul,<\/p><p>favoriser son sommeil,<\/p><p>ma\u00eetriser ses \u00e9motions,<\/p><p>retrouver sa vitalit\u00e9,<\/p><p>prendre conscience de soi.<\/p><p>\u00a0<\/p><p>\u00a0<\/p>\t\t\t\t\t\t<\/div>\n\t\t\t\t<\/div>\n\t\t\t\t\t<\/div>\n\t\t<\/div>\n\t\t\t\t<div class=\"elementor-column elementor-col-50 elementor-top-column elementor-element elementor-element-0a8e0cc\" data-id=\"0a8e0cc\" data-element_type=\"column\">\n\t\t\t<div class=\"elementor-widget-wrap elementor-element-populated\">\n\t\t\t\t\t\t\t\t<div class=\"elementor-element elementor-element-ce48758 elementor-widget elementor-widget-text-editor\" data-id=\"ce48758\" data-element_type=\"widget\" data-widget_type=\"text-editor.default\">\n\t\t\t\t<div class=\"elementor-widget-container\">\n\t\t\t\t\t\t\t<p style=\"text-align: center;\"><strong>D\u00e9roul\u00e9 de la s\u00e9ance<\/strong><\/p><p>Les exercices s\u2019effectuent en position debout, assise ou allong\u00e9e.<\/p><p>Ils ont simples et \u00e0 la port\u00e9e de tous, toutes, quels que soient votre \u00e2ge\u00a0 ou votre condition physique.<\/p><p>Si votre sant\u00e9 vous impose certaines contraintes, n&rsquo;h\u00e9sitez pas \u00e0 m&rsquo;en faire part; j&rsquo;adapterai les techniques afin que vous puissiez en tirer le maximum de b\u00e9n\u00e9fices.\u00a0<\/p><p>Pendant la s\u00e9ance, je vous guide dans la pratique en vous expliquant la gestuelle de chacun des exercices.<\/p><p>La s\u00e9ance se termine toujours part une grande relaxation guid\u00e9e, accompagn\u00e9e d&rsquo;une musique douce pour plus de d\u00e9tente et de relaxation.<\/p><p>La pratique se fait v\u00eatu d&rsquo;une tenue souple, en chaussette ou pieds nus, sur un tapis avec un plaid pour le temps de relaxation finale et un coussin, si fragilit\u00e9 cervicale.\u00a0<\/p>\t\t\t\t\t\t<\/div>\n\t\t\t\t<\/div>\n\t\t\t\t\t<\/div>\n\t\t<\/div>\n\t\t\t\t\t\t\t<\/div>\n\t\t<\/section>\n\t\t\t\t<section class=\"elementor-section elementor-top-section elementor-element elementor-element-eb071a6 elementor-section-boxed elementor-section-height-default elementor-section-height-default\" data-id=\"eb071a6\" data-element_type=\"section\">\n\t\t\t\t\t\t<div class=\"elementor-container elementor-column-gap-default\">\n\t\t\t\t\t<div class=\"elementor-column elementor-col-50 elementor-top-column elementor-element elementor-element-8e70073\" data-id=\"8e70073\" data-element_type=\"column\">\n\t\t\t<div class=\"elementor-widget-wrap elementor-element-populated\">\n\t\t\t\t\t\t\t\t<div class=\"elementor-element elementor-element-241ff03 elementor-widget elementor-widget-image\" data-id=\"241ff03\" data-element_type=\"widget\" data-widget_type=\"image.default\">\n\t\t\t\t<div class=\"elementor-widget-container\">\n\t\t\t\t\t\t\t\t\t\t\t\t\t\t\t<img loading=\"lazy\" decoding=\"async\" width=\"840\" height=\"559\" src=\"https:\/\/sylviechartiernaturopathe.com\/wp-content\/uploads\/2023\/06\/drop-of-water-578897_1280-1024x682.jpg\" class=\"attachment-large size-large wp-image-690\" alt=\"\" srcset=\"https:\/\/sylviechartiernaturopathe.com\/wp-content\/uploads\/2023\/06\/drop-of-water-578897_1280-1024x682.jpg 1024w, https:\/\/sylviechartiernaturopathe.com\/wp-content\/uploads\/2023\/06\/drop-of-water-578897_1280-300x200.jpg 300w, https:\/\/sylviechartiernaturopathe.com\/wp-content\/uploads\/2023\/06\/drop-of-water-578897_1280-768x512.jpg 768w, https:\/\/sylviechartiernaturopathe.com\/wp-content\/uploads\/2023\/06\/drop-of-water-578897_1280-90x60.jpg 90w, https:\/\/sylviechartiernaturopathe.com\/wp-content\/uploads\/2023\/06\/drop-of-water-578897_1280-420x280.jpg 420w, https:\/\/sylviechartiernaturopathe.com\/wp-content\/uploads\/2023\/06\/drop-of-water-578897_1280.jpg 1280w\" sizes=\"auto, (max-width: 840px) 100vw, 840px\" \/>\t\t\t\t\t\t\t\t\t\t\t\t\t\t\t<\/div>\n\t\t\t\t<\/div>\n\t\t\t\t\t<\/div>\n\t\t<\/div>\n\t\t\t\t<div class=\"elementor-column elementor-col-50 elementor-top-column elementor-element elementor-element-796e0ad\" data-id=\"796e0ad\" data-element_type=\"column\">\n\t\t\t<div class=\"elementor-widget-wrap elementor-element-populated\">\n\t\t\t\t\t\t\t\t<div class=\"elementor-element elementor-element-1c8349b elementor-widget elementor-widget-text-editor\" data-id=\"1c8349b\" data-element_type=\"widget\" data-widget_type=\"text-editor.default\">\n\t\t\t\t<div class=\"elementor-widget-container\">\n\t\t\t\t\t\t\t<p>La relaxation agit sur le plan physique et favorise l&rsquo;\u00e9limination des tensions musculaires: elle am\u00e9liore la qualit\u00e9 du sommeil, la respiration et permet de retrouver son \u00e9quilibre.<\/p><p>La relaxation est un moyen d\u2019\u00eatre pr\u00e9sent \u00e0 soi-m\u00eame, permet de mieux se concentrer.<\/p><p>La relaxation d\u00e9veloppe la confiance en soi et la cr\u00e9ativit\u00e9, c&rsquo;est un puissant facteur de transformation.<\/p>\t\t\t\t\t\t<\/div>\n\t\t\t\t<\/div>\n\t\t\t\t\t<\/div>\n\t\t<\/div>\n\t\t\t\t\t\t\t<\/div>\n\t\t<\/section>\n\t\t\t\t<section class=\"elementor-section elementor-top-section elementor-element elementor-element-82de078 elementor-section-boxed elementor-section-height-default elementor-section-height-default\" data-id=\"82de078\" data-element_type=\"section\">\n\t\t\t\t\t\t<div class=\"elementor-container elementor-column-gap-default\">\n\t\t\t\t\t<div class=\"elementor-column elementor-col-33 elementor-top-column elementor-element elementor-element-9ca3a45\" data-id=\"9ca3a45\" data-element_type=\"column\">\n\t\t\t<div class=\"elementor-widget-wrap elementor-element-populated\">\n\t\t\t\t\t\t\t\t<div class=\"elementor-element elementor-element-756acb6 elementor-widget elementor-widget-text-editor\" data-id=\"756acb6\" data-element_type=\"widget\" data-widget_type=\"text-editor.default\">\n\t\t\t\t<div class=\"elementor-widget-container\">\n\t\t\t\t\t\t\t<p style=\"text-align: center;\"><b>TARIFS<\/b><\/p><p style=\"text-align: center;\">De septembre \u00e0 juin\u00a0<\/p><p><strong>Annuel<\/strong>: 20 s\u00e9ances (2 s\u00e9ances \/mois), 15 \u20ac la s\u00e9ances :\u00a0 300 \u20ac.<\/p><p><strong>Semestre<\/strong> de 10 s\u00e9ances ( 1 s\u00e9ance \/ mois), 20 \u20ac la s\u00e9ance : 200 \u20ac.<\/p><p>A l&rsquo;<strong>unit\u00e9<\/strong> 25 \u20ac la s\u00e9ance.<\/p><p><em>Carte valable de septembre \u00e0 juin de la m\u00eame saison.<\/em><\/p><p>Inscription\u00a0<\/p><p>06 74 41 00 61\u00a0<\/p><p>naturopathesc@gmail.com<\/p>\t\t\t\t\t\t<\/div>\n\t\t\t\t<\/div>\n\t\t\t\t\t<\/div>\n\t\t<\/div>\n\t\t\t\t<div class=\"elementor-column elementor-col-33 elementor-top-column elementor-element elementor-element-8a2c86c\" data-id=\"8a2c86c\" data-element_type=\"column\">\n\t\t\t<div class=\"elementor-widget-wrap elementor-element-populated\">\n\t\t\t\t\t\t\t\t<div class=\"elementor-element elementor-element-d6dbf87 elementor-widget elementor-widget-text-editor\" data-id=\"d6dbf87\" data-element_type=\"widget\" data-widget_type=\"text-editor.default\">\n\t\t\t\t<div class=\"elementor-widget-container\">\n\t\t\t\t\t\t\t<p style=\"text-align: center;\">\u00a0<\/p><p style=\"text-align: center;\">\u00a0<\/p>\t\t\t\t\t\t<\/div>\n\t\t\t\t<\/div>\n\t\t\t\t\t<\/div>\n\t\t<\/div>\n\t\t\t\t<div class=\"elementor-column elementor-col-33 elementor-top-column elementor-element elementor-element-c398fa5\" data-id=\"c398fa5\" data-element_type=\"column\">\n\t\t\t<div class=\"elementor-widget-wrap elementor-element-populated\">\n\t\t\t\t\t\t\t\t<div class=\"elementor-element elementor-element-55be275 elementor-widget elementor-widget-text-editor\" data-id=\"55be275\" data-element_type=\"widget\" data-widget_type=\"text-editor.default\">\n\t\t\t\t<div class=\"elementor-widget-container\">\n\t\t\t\t\t\t\t\t\t\t\t\t\t<\/div>\n\t\t\t\t<\/div>\n\t\t\t\t\t<\/div>\n\t\t<\/div>\n\t\t\t\t\t\t\t<\/div>\n\t\t<\/section>\n\t\t\t\t<section class=\"elementor-section elementor-top-section elementor-element elementor-element-330d9be elementor-section-boxed elementor-section-height-default elementor-section-height-default\" data-id=\"330d9be\" data-element_type=\"section\">\n\t\t\t\t\t\t<div class=\"elementor-container elementor-column-gap-default\">\n\t\t\t\t\t<div class=\"elementor-column elementor-col-100 elementor-top-column elementor-element elementor-element-35cb9b2\" data-id=\"35cb9b2\" data-element_type=\"column\">\n\t\t\t<div class=\"elementor-widget-wrap elementor-element-populated\">\n\t\t\t\t\t\t\t\t<div class=\"elementor-element elementor-element-4b8d580 elementor-widget elementor-widget-heading\" data-id=\"4b8d580\" data-element_type=\"widget\" data-widget_type=\"heading.default\">\n\t\t\t\t<div class=\"elementor-widget-container\">\n\t\t\t<h2 class=\"elementor-heading-title elementor-size-default\">ATELIER\n Au c\u0153ur des pierres<\/h2>\t\t<\/div>\n\t\t\t\t<\/div>\n\t\t\t\t\t<\/div>\n\t\t<\/div>\n\t\t\t\t\t\t\t<\/div>\n\t\t<\/section>\n\t\t\t\t<section class=\"elementor-section elementor-top-section elementor-element elementor-element-0f4eb9c elementor-section-boxed elementor-section-height-default elementor-section-height-default\" data-id=\"0f4eb9c\" data-element_type=\"section\">\n\t\t\t\t\t\t<div class=\"elementor-container elementor-column-gap-default\">\n\t\t\t\t\t<div class=\"elementor-column elementor-col-33 elementor-top-column elementor-element elementor-element-3feafb2\" data-id=\"3feafb2\" data-element_type=\"column\">\n\t\t\t<div class=\"elementor-widget-wrap elementor-element-populated\">\n\t\t\t\t\t\t\t\t<div class=\"elementor-element elementor-element-b9b223a elementor-widget elementor-widget-text-editor\" data-id=\"b9b223a\" data-element_type=\"widget\" data-widget_type=\"text-editor.default\">\n\t\t\t\t<div class=\"elementor-widget-container\">\n\t\t\t\t\t\t\t<p style=\"text-align: center;\">Cr\u00e9ation Roll-on<\/p><p>\u00a0La synergie des huiles essentielles et des pierres naturelles<\/p><p>Devenez cr\u00e9ateur de votre Bien-\u00eatre.\u00a0<\/p><p>Th\u00e8mes propos\u00e9s:<\/p><p>Confiance en Soi<\/p><p>Retrouver un souffle libre<\/p><p>Troubles du sommeil&#8230;<\/p><p>\u00a02 H,\u00a0 25\u20ac\/pers<\/p>\t\t\t\t\t\t<\/div>\n\t\t\t\t<\/div>\n\t\t\t\t<div class=\"elementor-element elementor-element-9e24cd8 elementor-widget elementor-widget-text-editor\" data-id=\"9e24cd8\" data-element_type=\"widget\" data-widget_type=\"text-editor.default\">\n\t\t\t\t<div class=\"elementor-widget-container\">\n\t\t\t\t\t\t\t\t\t\t\t\t\t<\/div>\n\t\t\t\t<\/div>\n\t\t\t\t<div class=\"elementor-element elementor-element-c06e3b7 elementor-widget elementor-widget-text-editor\" data-id=\"c06e3b7\" data-element_type=\"widget\" data-widget_type=\"text-editor.default\">\n\t\t\t\t<div class=\"elementor-widget-container\">\n\t\t\t\t\t\t\t\t\t\t\t\t\t<\/div>\n\t\t\t\t<\/div>\n\t\t\t\t<div class=\"elementor-element elementor-element-146a198 elementor-widget elementor-widget-text-editor\" data-id=\"146a198\" data-element_type=\"widget\" data-widget_type=\"text-editor.default\">\n\t\t\t\t<div class=\"elementor-widget-container\">\n\t\t\t\t\t\t\t\t\t\t\t\t\t<\/div>\n\t\t\t\t<\/div>\n\t\t\t\t\t<\/div>\n\t\t<\/div>\n\t\t\t\t<div class=\"elementor-column elementor-col-33 elementor-top-column elementor-element elementor-element-4cb7318\" data-id=\"4cb7318\" data-element_type=\"column\">\n\t\t\t<div class=\"elementor-widget-wrap elementor-element-populated\">\n\t\t\t\t\t\t\t\t<div class=\"elementor-element elementor-element-63871ef elementor-widget elementor-widget-text-editor\" data-id=\"63871ef\" data-element_type=\"widget\" data-widget_type=\"text-editor.default\">\n\t\t\t\t<div class=\"elementor-widget-container\">\n\t\t\t\t\t\t\t<p style=\"text-align: center;\">Cr\u00e9ation de Bracelet<\/p><p>Spirituels<\/p><p>S\u00e9r\u00e9nit\u00e9<\/p><p>L\u00e2cher prise<\/p><p>Confiance en Soi&#8230;<\/p><p>Th\u00e8mes au fil des humeurs&#8230;.<\/p><p>\u00a02 H, A partir de :25\u20ac\/pers<\/p>\t\t\t\t\t\t<\/div>\n\t\t\t\t<\/div>\n\t\t\t\t\t<\/div>\n\t\t<\/div>\n\t\t\t\t<div class=\"elementor-column elementor-col-33 elementor-top-column elementor-element elementor-element-85d8568\" data-id=\"85d8568\" data-element_type=\"column\">\n\t\t\t<div class=\"elementor-widget-wrap elementor-element-populated\">\n\t\t\t\t\t\t\t\t<div class=\"elementor-element elementor-element-42750f4 elementor-widget elementor-widget-text-editor\" data-id=\"42750f4\" data-element_type=\"widget\" data-widget_type=\"text-editor.default\">\n\t\t\t\t<div class=\"elementor-widget-container\">\n\t\t\t\t\t\t\t<p style=\"text-align: center;\">L&rsquo;art du Pendule<\/p><p>D\u00e9couvrir<\/p><p>Exp\u00e9rimenter<\/p><p>Ancrage<\/p><p>Protection<\/p><p>Intuition<\/p><p>Augmenter votre taux vibratoire<\/p><p>2 H,\u00a0 50\u20ac\/pers<\/p>\t\t\t\t\t\t<\/div>\n\t\t\t\t<\/div>\n\t\t\t\t\t<\/div>\n\t\t<\/div>\n\t\t\t\t\t\t\t<\/div>\n\t\t<\/section>\n\t\t\t\t<section class=\"elementor-section elementor-top-section elementor-element elementor-element-dd483f1 elementor-section-boxed elementor-section-height-default elementor-section-height-default\" data-id=\"dd483f1\" data-element_type=\"section\">\n\t\t\t\t\t\t<div class=\"elementor-container elementor-column-gap-default\">\n\t\t\t\t\t<div class=\"elementor-column elementor-col-33 elementor-top-column elementor-element elementor-element-5e5d207\" data-id=\"5e5d207\" data-element_type=\"column\">\n\t\t\t<div class=\"elementor-widget-wrap elementor-element-populated\">\n\t\t\t\t\t\t\t\t<div class=\"elementor-element elementor-element-84d02c2 elementor-widget elementor-widget-image\" data-id=\"84d02c2\" data-element_type=\"widget\" data-widget_type=\"image.default\">\n\t\t\t\t<div class=\"elementor-widget-container\">\n\t\t\t\t\t\t\t\t\t\t\t\t\t\t\t<img loading=\"lazy\" decoding=\"async\" width=\"640\" height=\"640\" src=\"https:\/\/sylviechartiernaturopathe.com\/wp-content\/uploads\/2025\/10\/IMG-20250227-WA0011.jpg\" class=\"attachment-large size-large wp-image-1010\" alt=\"\" srcset=\"https:\/\/sylviechartiernaturopathe.com\/wp-content\/uploads\/2025\/10\/IMG-20250227-WA0011.jpg 640w, https:\/\/sylviechartiernaturopathe.com\/wp-content\/uploads\/2025\/10\/IMG-20250227-WA0011-300x300.jpg 300w, https:\/\/sylviechartiernaturopathe.com\/wp-content\/uploads\/2025\/10\/IMG-20250227-WA0011-150x150.jpg 150w, https:\/\/sylviechartiernaturopathe.com\/wp-content\/uploads\/2025\/10\/IMG-20250227-WA0011-60x60.jpg 60w\" sizes=\"auto, (max-width: 640px) 100vw, 640px\" \/>\t\t\t\t\t\t\t\t\t\t\t\t\t\t\t<\/div>\n\t\t\t\t<\/div>\n\t\t\t\t\t<\/div>\n\t\t<\/div>\n\t\t\t\t<div class=\"elementor-column elementor-col-33 elementor-top-column elementor-element elementor-element-3e68965\" data-id=\"3e68965\" data-element_type=\"column\">\n\t\t\t<div class=\"elementor-widget-wrap elementor-element-populated\">\n\t\t\t\t\t\t\t\t<div class=\"elementor-element elementor-element-55be941 elementor-widget elementor-widget-image\" data-id=\"55be941\" data-element_type=\"widget\" data-widget_type=\"image.default\">\n\t\t\t\t<div class=\"elementor-widget-container\">\n\t\t\t\t\t\t\t\t\t\t\t\t\t\t\t<img loading=\"lazy\" decoding=\"async\" width=\"840\" height=\"840\" src=\"https:\/\/sylviechartiernaturopathe.com\/wp-content\/uploads\/2025\/10\/s_r_nit_kit-1024x1024.jpg\" class=\"attachment-large size-large wp-image-1022\" alt=\"\" srcset=\"https:\/\/sylviechartiernaturopathe.com\/wp-content\/uploads\/2025\/10\/s_r_nit_kit-1024x1024.jpg 1024w, https:\/\/sylviechartiernaturopathe.com\/wp-content\/uploads\/2025\/10\/s_r_nit_kit-300x300.jpg 300w, https:\/\/sylviechartiernaturopathe.com\/wp-content\/uploads\/2025\/10\/s_r_nit_kit-150x150.jpg 150w, https:\/\/sylviechartiernaturopathe.com\/wp-content\/uploads\/2025\/10\/s_r_nit_kit-768x768.jpg 768w, https:\/\/sylviechartiernaturopathe.com\/wp-content\/uploads\/2025\/10\/s_r_nit_kit-60x60.jpg 60w, https:\/\/sylviechartiernaturopathe.com\/wp-content\/uploads\/2025\/10\/s_r_nit_kit.jpg 1085w\" sizes=\"auto, (max-width: 840px) 100vw, 840px\" \/>\t\t\t\t\t\t\t\t\t\t\t\t\t\t\t<\/div>\n\t\t\t\t<\/div>\n\t\t\t\t\t<\/div>\n\t\t<\/div>\n\t\t\t\t<div class=\"elementor-column elementor-col-33 elementor-top-column elementor-element elementor-element-99d95e9\" data-id=\"99d95e9\" data-element_type=\"column\">\n\t\t\t<div class=\"elementor-widget-wrap elementor-element-populated\">\n\t\t\t\t\t\t\t\t<div class=\"elementor-element elementor-element-9e7b616 elementor-widget elementor-widget-image\" data-id=\"9e7b616\" data-element_type=\"widget\" data-widget_type=\"image.default\">\n\t\t\t\t<div class=\"elementor-widget-container\">\n\t\t\t\t\t\t\t\t\t\t\t\t\t\t\t<img loading=\"lazy\" decoding=\"async\" width=\"682\" height=\"1024\" src=\"https:\/\/sylviechartiernaturopathe.com\/wp-content\/uploads\/2025\/10\/pendule-1197598_1280-682x1024.jpg\" class=\"attachment-large size-large wp-image-1036\" alt=\"\" srcset=\"https:\/\/sylviechartiernaturopathe.com\/wp-content\/uploads\/2025\/10\/pendule-1197598_1280-682x1024.jpg 682w, https:\/\/sylviechartiernaturopathe.com\/wp-content\/uploads\/2025\/10\/pendule-1197598_1280-200x300.jpg 200w, https:\/\/sylviechartiernaturopathe.com\/wp-content\/uploads\/2025\/10\/pendule-1197598_1280-768x1152.jpg 768w, https:\/\/sylviechartiernaturopathe.com\/wp-content\/uploads\/2025\/10\/pendule-1197598_1280-40x60.jpg 40w, https:\/\/sylviechartiernaturopathe.com\/wp-content\/uploads\/2025\/10\/pendule-1197598_1280.jpg 853w\" sizes=\"auto, (max-width: 682px) 100vw, 682px\" \/>\t\t\t\t\t\t\t\t\t\t\t\t\t\t\t<\/div>\n\t\t\t\t<\/div>\n\t\t\t\t\t<\/div>\n\t\t<\/div>\n\t\t\t\t\t\t\t<\/div>\n\t\t<\/section>\n\t\t\t\t\t\t\t<\/div>\n\t\t","protected":false},"excerpt":{"rendered":"<p>La relaxation, un simple outil de\u00a0d\u00e9tente Pour prendre soin de soi en conscience Pour se reconnecter \u00e0 Soi La relaxation un simple outil de d\u00e9tente: &hellip; <\/p>\n","protected":false},"author":1,"featured_media":0,"parent":0,"menu_order":0,"comment_status":"closed","ping_status":"closed","template":"","meta":{"footnotes":""},"class_list":["post-467","page","type-page","status-publish","hentry"],"_links":{"self":[{"href":"https:\/\/sylviechartiernaturopathe.com\/index.php\/wp-json\/wp\/v2\/pages\/467","targetHints":{"allow":["GET"]}}],"collection":[{"href":"https:\/\/sylviechartiernaturopathe.com\/index.php\/wp-json\/wp\/v2\/pages"}],"about":[{"href":"https:\/\/sylviechartiernaturopathe.com\/index.php\/wp-json\/wp\/v2\/types\/page"}],"author":[{"embeddable":true,"href":"https:\/\/sylviechartiernaturopathe.com\/index.php\/wp-json\/wp\/v2\/users\/1"}],"replies":[{"embeddable":true,"href":"https:\/\/sylviechartiernaturopathe.com\/index.php\/wp-json\/wp\/v2\/comments?post=467"}],"version-history":[{"count":170,"href":"https:\/\/sylviechartiernaturopathe.com\/index.php\/wp-json\/wp\/v2\/pages\/467\/revisions"}],"predecessor-version":[{"id":1083,"href":"https:\/\/sylviechartiernaturopathe.com\/index.php\/wp-json\/wp\/v2\/pages\/467\/revisions\/1083"}],"wp:attachment":[{"href":"https:\/\/sylviechartiernaturopathe.com\/index.php\/wp-json\/wp\/v2\/media?parent=467"}],"curies":[{"name":"wp","href":"https:\/\/api.w.org\/{rel}","templated":true}]}}