{"id":368,"date":"2022-01-17T10:32:38","date_gmt":"2022-01-17T09:32:38","guid":{"rendered":"http:\/\/sylviechartiernaturopathe.com\/?page_id=368"},"modified":"2025-10-29T15:44:07","modified_gmt":"2025-10-29T14:44:07","slug":"prendre-rendez-vous","status":"publish","type":"page","link":"https:\/\/sylviechartiernaturopathe.com\/index.php\/prendre-rendez-vous\/","title":{"rendered":"Prendre rendez-vous"},"content":{"rendered":"\t\t<div data-elementor-type=\"wp-page\" data-elementor-id=\"368\" class=\"elementor elementor-368\">\n\t\t\t\t\t\t\t\t\t<section class=\"elementor-section elementor-top-section elementor-element elementor-element-7cd09f1 elementor-section-boxed elementor-section-height-default elementor-section-height-default\" data-id=\"7cd09f1\" data-element_type=\"section\">\n\t\t\t\t\t\t<div class=\"elementor-container elementor-column-gap-default\">\n\t\t\t\t\t<div class=\"elementor-column elementor-col-50 elementor-top-column elementor-element elementor-element-cc5042a\" data-id=\"cc5042a\" data-element_type=\"column\">\n\t\t\t<div class=\"elementor-widget-wrap elementor-element-populated\">\n\t\t\t\t\t\t\t\t<div class=\"elementor-element elementor-element-1568931 elementor-widget elementor-widget-image\" data-id=\"1568931\" data-element_type=\"widget\" data-widget_type=\"image.default\">\n\t\t\t\t<div class=\"elementor-widget-container\">\n\t\t\t\t\t\t\t\t\t\t\t\t\t\t\t<img loading=\"lazy\" decoding=\"async\" width=\"840\" height=\"840\" src=\"https:\/\/sylviechartiernaturopathe.com\/wp-content\/uploads\/2022\/01\/Plan-de-travail-1-1024x1024.png\" class=\"attachment-large size-large wp-image-440\" alt=\"\" srcset=\"https:\/\/sylviechartiernaturopathe.com\/wp-content\/uploads\/2022\/01\/Plan-de-travail-1-1024x1024.png 1024w, https:\/\/sylviechartiernaturopathe.com\/wp-content\/uploads\/2022\/01\/Plan-de-travail-1-300x300.png 300w, https:\/\/sylviechartiernaturopathe.com\/wp-content\/uploads\/2022\/01\/Plan-de-travail-1-150x150.png 150w, https:\/\/sylviechartiernaturopathe.com\/wp-content\/uploads\/2022\/01\/Plan-de-travail-1-768x769.png 768w, https:\/\/sylviechartiernaturopathe.com\/wp-content\/uploads\/2022\/01\/Plan-de-travail-1-60x60.png 60w, https:\/\/sylviechartiernaturopathe.com\/wp-content\/uploads\/2022\/01\/Plan-de-travail-1-600x600.png 600w, https:\/\/sylviechartiernaturopathe.com\/wp-content\/uploads\/2022\/01\/Plan-de-travail-1-100x100.png 100w, https:\/\/sylviechartiernaturopathe.com\/wp-content\/uploads\/2022\/01\/elementor\/thumbs\/Plan-de-travail-1-pj56yn2o07qrzuyz6462jttztwmzv5x06427jnpl1s.png 200w, https:\/\/sylviechartiernaturopathe.com\/wp-content\/uploads\/2022\/01\/Plan-de-travail-1.png 1339w\" sizes=\"auto, (max-width: 840px) 100vw, 840px\" \/>\t\t\t\t\t\t\t\t\t\t\t\t\t\t\t<\/div>\n\t\t\t\t<\/div>\n\t\t\t\t\t<\/div>\n\t\t<\/div>\n\t\t\t\t<div class=\"elementor-column elementor-col-50 elementor-top-column elementor-element elementor-element-9471ea4\" data-id=\"9471ea4\" data-element_type=\"column\">\n\t\t\t<div class=\"elementor-widget-wrap elementor-element-populated\">\n\t\t\t\t\t\t\t\t<div class=\"elementor-element elementor-element-2dd58a3 elementor-widget elementor-widget-text-editor\" data-id=\"2dd58a3\" data-element_type=\"widget\" data-widget_type=\"text-editor.default\">\n\t\t\t\t<div class=\"elementor-widget-container\">\n\t\t\t\t\t\t\t<h4 style=\"font-family: Comfortaa, sans-serif;\"><span style=\"font-weight: bolder; color: #6db599;\">Contact<\/span><\/h4><p>Sylvie Chartier-Pollet<\/p><p style=\"font-family: Comfortaa, sans-serif;\">T\u00e9l\u00e9phone : 06 74 41 00 61<\/p><p style=\"font-family: Comfortaa, sans-serif;\">Email : naturopathesc@gmail.com<\/p>\t\t\t\t\t\t<\/div>\n\t\t\t\t<\/div>\n\t\t\t\t\t<\/div>\n\t\t<\/div>\n\t\t\t\t\t\t\t<\/div>\n\t\t<\/section>\n\t\t\t\t<section class=\"elementor-section elementor-top-section elementor-element elementor-element-2b725a2 elementor-section-boxed elementor-section-height-default elementor-section-height-default\" data-id=\"2b725a2\" data-element_type=\"section\">\n\t\t\t\t\t\t<div class=\"elementor-container elementor-column-gap-default\">\n\t\t\t\t\t<div class=\"elementor-column elementor-col-100 elementor-top-column elementor-element elementor-element-ac9d923\" data-id=\"ac9d923\" data-element_type=\"column\">\n\t\t\t<div class=\"elementor-widget-wrap elementor-element-populated\">\n\t\t\t\t\t\t\t\t<div class=\"elementor-element elementor-element-60cfa12 elementor-widget elementor-widget-spacer\" data-id=\"60cfa12\" data-element_type=\"widget\" data-widget_type=\"spacer.default\">\n\t\t\t\t<div class=\"elementor-widget-container\">\n\t\t\t\t\t<div class=\"elementor-spacer\">\n\t\t\t<div class=\"elementor-spacer-inner\"><\/div>\n\t\t<\/div>\n\t\t\t\t<\/div>\n\t\t\t\t<\/div>\n\t\t\t\t\t<\/div>\n\t\t<\/div>\n\t\t\t\t\t\t\t<\/div>\n\t\t<\/section>\n\t\t\t\t<section class=\"elementor-section elementor-top-section elementor-element elementor-element-0f079a4 elementor-section-boxed elementor-section-height-default elementor-section-height-default\" data-id=\"0f079a4\" data-element_type=\"section\">\n\t\t\t\t\t\t<div class=\"elementor-container elementor-column-gap-default\">\n\t\t\t\t\t<div class=\"elementor-column elementor-col-50 elementor-top-column elementor-element elementor-element-38ec4c0\" data-id=\"38ec4c0\" data-element_type=\"column\">\n\t\t\t<div class=\"elementor-widget-wrap elementor-element-populated\">\n\t\t\t\t\t\t\t\t<div class=\"elementor-element elementor-element-fb9c0e1 elementor-widget elementor-widget-text-editor\" data-id=\"fb9c0e1\" data-element_type=\"widget\" data-widget_type=\"text-editor.default\">\n\t\t\t\t<div class=\"elementor-widget-container\">\n\t\t\t\t\t\t\t<h4><span style=\"color: #6db599;\"><strong>Rendez-vous au cabinet<\/strong><\/span><\/h4><p>\u00ab\u00a0l&rsquo;Instant Naturo-\u00e9nergie\u00a0\u00bb<\/p><p><strong>Horaires :<br \/><\/strong><span style=\"color: var( --e-global-color-text );\">Lundi : de 10h00 \u00e0 18h00<br \/>Mardi : d<\/span>e 10h00 \u00e0 18h00<\/p><p><span style=\"color: var( --e-global-color-text );\">Mercredi : de 10h00 \u00e0 18h00<br \/>Jeudi : de<\/span> 10h00 \u00e0 18h00<span style=\"color: var( --e-global-color-text );\"><br \/>Vendredi : de<\/span><span style=\"color: var( --e-global-color-text );\"> 10h00 \u00e0 18h00<\/span><\/p><p>\u00a0<\/p>\t\t\t\t\t\t<\/div>\n\t\t\t\t<\/div>\n\t\t\t\t\t<\/div>\n\t\t<\/div>\n\t\t\t\t<div class=\"elementor-column elementor-col-50 elementor-top-column elementor-element elementor-element-3731640\" data-id=\"3731640\" data-element_type=\"column\">\n\t\t\t<div class=\"elementor-widget-wrap elementor-element-populated\">\n\t\t\t\t\t\t\t\t<div class=\"elementor-element elementor-element-25a7fb5 elementor-widget elementor-widget-image\" data-id=\"25a7fb5\" data-element_type=\"widget\" data-widget_type=\"image.default\">\n\t\t\t\t<div class=\"elementor-widget-container\">\n\t\t\t\t\t\t\t\t\t\t\t\t\t\t\t<img loading=\"lazy\" decoding=\"async\" width=\"840\" height=\"555\" src=\"https:\/\/sylviechartiernaturopathe.com\/wp-content\/uploads\/2020\/06\/coucher-de-soleil-champs-de-pavot-1024x676.jpg\" class=\"attachment-large size-large wp-image-70\" alt=\"\" srcset=\"https:\/\/sylviechartiernaturopathe.com\/wp-content\/uploads\/2020\/06\/coucher-de-soleil-champs-de-pavot-1024x676.jpg 1024w, https:\/\/sylviechartiernaturopathe.com\/wp-content\/uploads\/2020\/06\/coucher-de-soleil-champs-de-pavot-600x396.jpg 600w, https:\/\/sylviechartiernaturopathe.com\/wp-content\/uploads\/2020\/06\/coucher-de-soleil-champs-de-pavot-300x198.jpg 300w, https:\/\/sylviechartiernaturopathe.com\/wp-content\/uploads\/2020\/06\/coucher-de-soleil-champs-de-pavot-768x507.jpg 768w, https:\/\/sylviechartiernaturopathe.com\/wp-content\/uploads\/2020\/06\/coucher-de-soleil-champs-de-pavot-1536x1014.jpg 1536w, https:\/\/sylviechartiernaturopathe.com\/wp-content\/uploads\/2020\/06\/coucher-de-soleil-champs-de-pavot-91x60.jpg 91w, https:\/\/sylviechartiernaturopathe.com\/wp-content\/uploads\/2020\/06\/coucher-de-soleil-champs-de-pavot.jpg 1920w\" sizes=\"auto, (max-width: 840px) 100vw, 840px\" \/>\t\t\t\t\t\t\t\t\t\t\t\t\t\t\t<\/div>\n\t\t\t\t<\/div>\n\t\t\t\t\t<\/div>\n\t\t<\/div>\n\t\t\t\t\t\t\t<\/div>\n\t\t<\/section>\n\t\t\t\t<section class=\"elementor-section elementor-top-section elementor-element elementor-element-e37a8b4 elementor-section-boxed elementor-section-height-default elementor-section-height-default\" data-id=\"e37a8b4\" data-element_type=\"section\">\n\t\t\t\t\t\t<div class=\"elementor-container elementor-column-gap-default\">\n\t\t\t\t\t<div class=\"elementor-column elementor-col-100 elementor-top-column elementor-element elementor-element-ab38405\" data-id=\"ab38405\" data-element_type=\"column\">\n\t\t\t<div class=\"elementor-widget-wrap elementor-element-populated\">\n\t\t\t\t\t\t\t\t<div class=\"elementor-element elementor-element-b81250d elementor-widget elementor-widget-spacer\" data-id=\"b81250d\" data-element_type=\"widget\" data-widget_type=\"spacer.default\">\n\t\t\t\t<div class=\"elementor-widget-container\">\n\t\t\t\t\t<div class=\"elementor-spacer\">\n\t\t\t<div class=\"elementor-spacer-inner\"><\/div>\n\t\t<\/div>\n\t\t\t\t<\/div>\n\t\t\t\t<\/div>\n\t\t\t\t\t<\/div>\n\t\t<\/div>\n\t\t\t\t\t\t\t<\/div>\n\t\t<\/section>\n\t\t\t\t<section class=\"elementor-section elementor-top-section elementor-element elementor-element-b0b0250 elementor-section-boxed elementor-section-height-default elementor-section-height-default\" data-id=\"b0b0250\" data-element_type=\"section\">\n\t\t\t\t\t\t<div class=\"elementor-container elementor-column-gap-default\">\n\t\t\t\t\t<div class=\"elementor-column elementor-col-100 elementor-top-column elementor-element elementor-element-ee7c6b7\" data-id=\"ee7c6b7\" data-element_type=\"column\">\n\t\t\t<div class=\"elementor-widget-wrap elementor-element-populated\">\n\t\t\t\t\t\t\t\t<div class=\"elementor-element elementor-element-0710739 elementor-widget elementor-widget-spacer\" data-id=\"0710739\" data-element_type=\"widget\" data-widget_type=\"spacer.default\">\n\t\t\t\t<div class=\"elementor-widget-container\">\n\t\t\t\t\t<div class=\"elementor-spacer\">\n\t\t\t<div class=\"elementor-spacer-inner\"><\/div>\n\t\t<\/div>\n\t\t\t\t<\/div>\n\t\t\t\t<\/div>\n\t\t\t\t\t<\/div>\n\t\t<\/div>\n\t\t\t\t\t\t\t<\/div>\n\t\t<\/section>\n\t\t\t\t<section class=\"elementor-section elementor-top-section elementor-element elementor-element-b7fbfbb elementor-section-boxed elementor-section-height-default elementor-section-height-default\" data-id=\"b7fbfbb\" data-element_type=\"section\">\n\t\t\t\t\t\t<div class=\"elementor-container elementor-column-gap-default\">\n\t\t\t\t\t<div class=\"elementor-column elementor-col-100 elementor-top-column elementor-element elementor-element-9099eab\" data-id=\"9099eab\" data-element_type=\"column\">\n\t\t\t<div class=\"elementor-widget-wrap elementor-element-populated\">\n\t\t\t\t\t\t\t\t<div class=\"elementor-element elementor-element-ff3dd1c elementor-widget elementor-widget-text-editor\" data-id=\"ff3dd1c\" data-element_type=\"widget\" data-widget_type=\"text-editor.default\">\n\t\t\t\t<div class=\"elementor-widget-container\">\n\t\t\t\t\t\t\t<p style=\"text-align: center; padding-left: 40px;\"><em>Certaines mutuelles remboursent les s\u00e9ances de naturopathie, demandez votre facture.<\/em><strong><em><br \/>Vous avez une impossibilit\u00e9, merci de d\u00e9commander votre rendez-vous au moins 48h \u00e0 l&rsquo;avance.<\/em><\/strong><\/p>\t\t\t\t\t\t<\/div>\n\t\t\t\t<\/div>\n\t\t\t\t\t<\/div>\n\t\t<\/div>\n\t\t\t\t\t\t\t<\/div>\n\t\t<\/section>\n\t\t\t\t<section class=\"elementor-section elementor-top-section elementor-element elementor-element-0778979 elementor-section-boxed elementor-section-height-default elementor-section-height-default\" data-id=\"0778979\" data-element_type=\"section\">\n\t\t\t\t\t\t<div class=\"elementor-container elementor-column-gap-default\">\n\t\t\t\t\t<div class=\"elementor-column elementor-col-100 elementor-top-column elementor-element elementor-element-e9b2dca\" data-id=\"e9b2dca\" data-element_type=\"column\">\n\t\t\t<div class=\"elementor-widget-wrap elementor-element-populated\">\n\t\t\t\t\t\t\t\t<div class=\"elementor-element elementor-element-dd5ffaa elementor-widget elementor-widget-spacer\" data-id=\"dd5ffaa\" data-element_type=\"widget\" data-widget_type=\"spacer.default\">\n\t\t\t\t<div class=\"elementor-widget-container\">\n\t\t\t\t\t<div class=\"elementor-spacer\">\n\t\t\t<div class=\"elementor-spacer-inner\"><\/div>\n\t\t<\/div>\n\t\t\t\t<\/div>\n\t\t\t\t<\/div>\n\t\t\t\t\t<\/div>\n\t\t<\/div>\n\t\t\t\t\t\t\t<\/div>\n\t\t<\/section>\n\t\t\t\t<section class=\"elementor-section elementor-top-section elementor-element elementor-element-5358561 elementor-section-boxed elementor-section-height-default elementor-section-height-default\" data-id=\"5358561\" data-element_type=\"section\">\n\t\t\t\t\t\t<div class=\"elementor-container elementor-column-gap-default\">\n\t\t\t\t\t<div class=\"elementor-column elementor-col-100 elementor-top-column elementor-element elementor-element-4125ba5\" data-id=\"4125ba5\" data-element_type=\"column\">\n\t\t\t<div class=\"elementor-widget-wrap elementor-element-populated\">\n\t\t\t\t\t\t\t\t<div class=\"elementor-element elementor-element-bbf9b3f elementor-widget elementor-widget-text-editor\" data-id=\"bbf9b3f\" data-element_type=\"widget\" data-widget_type=\"text-editor.default\">\n\t\t\t\t<div class=\"elementor-widget-container\">\n\t\t\t\t\t\t\t<h4><span style=\"color: #6db599;\"><strong>Formulaire de contact<\/strong><\/span><\/h4>\n<div class=\"wpcf7 no-js\" id=\"wpcf7-f187-o1\" lang=\"fr-FR\" dir=\"ltr\">\n<div class=\"screen-reader-response\"><p role=\"status\" aria-live=\"polite\" aria-atomic=\"true\"><\/p> <ul><\/ul><\/div>\n<form action=\"\/index.php\/wp-json\/wp\/v2\/pages\/368#wpcf7-f187-o1\" method=\"post\" class=\"wpcf7-form init\" aria-label=\"Formulaire de contact\" novalidate=\"novalidate\" data-status=\"init\">\n<div style=\"display: none;\">\n<input type=\"hidden\" name=\"_wpcf7\" value=\"187\" \/>\n<input type=\"hidden\" name=\"_wpcf7_version\" value=\"5.7.7\" \/>\n<input type=\"hidden\" name=\"_wpcf7_locale\" value=\"fr_FR\" \/>\n<input type=\"hidden\" name=\"_wpcf7_unit_tag\" value=\"wpcf7-f187-o1\" \/>\n<input type=\"hidden\" name=\"_wpcf7_container_post\" value=\"0\" \/>\n<input type=\"hidden\" name=\"_wpcf7_posted_data_hash\" value=\"\" \/>\n<\/div>\n<p><label> Votre nom*<br \/>\n<span class=\"wpcf7-form-control-wrap\" data-name=\"your-name\"><input size=\"40\" class=\"wpcf7-form-control wpcf7-text wpcf7-validates-as-required\" aria-required=\"true\" aria-invalid=\"false\" value=\"\" type=\"text\" name=\"your-name\" \/><\/span> <\/label>\n<\/p>\n<p><label> Votre adresse de messagerie*<br \/>\n<span class=\"wpcf7-form-control-wrap\" data-name=\"your-email\"><input size=\"40\" class=\"wpcf7-form-control wpcf7-text wpcf7-email wpcf7-validates-as-required wpcf7-validates-as-email\" aria-required=\"true\" aria-invalid=\"false\" value=\"\" type=\"email\" name=\"your-email\" \/><\/span> <\/label>\n<\/p>\n<p><label> Objet<br \/>\n<span class=\"wpcf7-form-control-wrap\" data-name=\"your-subject\"><input size=\"40\" class=\"wpcf7-form-control wpcf7-text\" aria-invalid=\"false\" value=\"\" type=\"text\" name=\"your-subject\" \/><\/span> <\/label>\n<\/p>\n<p><label> Votre message<br \/>\n<span class=\"wpcf7-form-control-wrap\" data-name=\"your-message\"><textarea cols=\"40\" rows=\"10\" class=\"wpcf7-form-control wpcf7-textarea\" aria-invalid=\"false\" name=\"your-message\"><\/textarea><\/span> <\/label>\n<\/p>\n<p><input class=\"wpcf7-form-control has-spinner wpcf7-submit\" type=\"submit\" value=\"Envoyer\" \/>\n<\/p><div class=\"wpcf7-response-output\" aria-hidden=\"true\"><\/div>\n<\/form>\n<\/div>\n<p><em>*champs obligatoires<\/em><\/p>\t\t\t\t\t\t<\/div>\n\t\t\t\t<\/div>\n\t\t\t\t\t<\/div>\n\t\t<\/div>\n\t\t\t\t\t\t\t<\/div>\n\t\t<\/section>\n\t\t\t\t<section class=\"elementor-section elementor-top-section elementor-element elementor-element-95e8642 elementor-section-boxed elementor-section-height-default elementor-section-height-default\" data-id=\"95e8642\" data-element_type=\"section\">\n\t\t\t\t\t\t<div class=\"elementor-container elementor-column-gap-default\">\n\t\t\t\t\t<div class=\"elementor-column elementor-col-100 elementor-top-column elementor-element elementor-element-6cbb840\" data-id=\"6cbb840\" data-element_type=\"column\">\n\t\t\t<div class=\"elementor-widget-wrap elementor-element-populated\">\n\t\t\t\t\t\t\t\t<div class=\"elementor-element elementor-element-95468f1 elementor-widget elementor-widget-spacer\" data-id=\"95468f1\" data-element_type=\"widget\" data-widget_type=\"spacer.default\">\n\t\t\t\t<div class=\"elementor-widget-container\">\n\t\t\t\t\t<div class=\"elementor-spacer\">\n\t\t\t<div class=\"elementor-spacer-inner\"><\/div>\n\t\t<\/div>\n\t\t\t\t<\/div>\n\t\t\t\t<\/div>\n\t\t\t\t\t<\/div>\n\t\t<\/div>\n\t\t\t\t\t\t\t<\/div>\n\t\t<\/section>\n\t\t\t\t<section class=\"elementor-section elementor-top-section elementor-element elementor-element-1f41748 elementor-section-boxed elementor-section-height-default elementor-section-height-default\" data-id=\"1f41748\" data-element_type=\"section\">\n\t\t\t\t\t\t<div class=\"elementor-container elementor-column-gap-default\">\n\t\t\t\t\t<div class=\"elementor-column elementor-col-33 elementor-top-column elementor-element elementor-element-da9c9a9\" data-id=\"da9c9a9\" data-element_type=\"column\">\n\t\t\t<div class=\"elementor-widget-wrap elementor-element-populated\">\n\t\t\t\t\t\t\t\t<div class=\"elementor-element elementor-element-52bfc62 elementor-widget elementor-widget-text-editor\" data-id=\"52bfc62\" data-element_type=\"widget\" data-widget_type=\"text-editor.default\">\n\t\t\t\t<div class=\"elementor-widget-container\">\n\t\t\t\t\t\t\t<p><a href=\"http:\/\/sylviechartiernaturopathe.com\/index.php\/mentions-legales\/\">Mentions l\u00e9gales<\/a><\/p>\t\t\t\t\t\t<\/div>\n\t\t\t\t<\/div>\n\t\t\t\t\t<\/div>\n\t\t<\/div>\n\t\t\t\t<div class=\"elementor-column elementor-col-33 elementor-top-column elementor-element elementor-element-ec20445\" data-id=\"ec20445\" data-element_type=\"column\">\n\t\t\t<div class=\"elementor-widget-wrap elementor-element-populated\">\n\t\t\t\t\t\t\t\t<div class=\"elementor-element elementor-element-8168b42 elementor-widget elementor-widget-text-editor\" data-id=\"8168b42\" data-element_type=\"widget\" data-widget_type=\"text-editor.default\">\n\t\t\t\t<div class=\"elementor-widget-container\">\n\t\t\t\t\t\t\t<p style=\"text-align: center;\"><a href=\"http:\/\/sylviechartiernaturopathe.com\/index.php\/charte-des-donnees-personnelles\/\">Charte des donn\u00e9es personnelles<\/a><\/p>\t\t\t\t\t\t<\/div>\n\t\t\t\t<\/div>\n\t\t\t\t\t<\/div>\n\t\t<\/div>\n\t\t\t\t<div class=\"elementor-column elementor-col-33 elementor-top-column elementor-element elementor-element-ac745f3\" data-id=\"ac745f3\" data-element_type=\"column\">\n\t\t\t<div class=\"elementor-widget-wrap elementor-element-populated\">\n\t\t\t\t\t\t\t\t<div class=\"elementor-element elementor-element-43022f5 elementor-widget elementor-widget-text-editor\" data-id=\"43022f5\" data-element_type=\"widget\" data-widget_type=\"text-editor.default\">\n\t\t\t\t<div class=\"elementor-widget-container\">\n\t\t\t\t\t\t\t<p style=\"text-align: center;\"><a href=\"http:\/\/sylviechartiernaturopathe.com\/index.php\/politique-de-confidentialite\/\">Politique de confidentialit\u00e9<\/a><\/p>\t\t\t\t\t\t<\/div>\n\t\t\t\t<\/div>\n\t\t\t\t\t<\/div>\n\t\t<\/div>\n\t\t\t\t\t\t\t<\/div>\n\t\t<\/section>\n\t\t\t\t\t\t\t<\/div>\n\t\t","protected":false},"excerpt":{"rendered":"<p>Contact Sylvie Chartier-Pollet T\u00e9l\u00e9phone : 06 74 41 00 61 Email : naturopathesc@gmail.com Rendez-vous au cabinet \u00ab\u00a0l&rsquo;Instant Naturo-\u00e9nergie\u00a0\u00bb Horaires : Lundi : de 10h00 \u00e0 &hellip; <\/p>\n","protected":false},"author":1,"featured_media":0,"parent":0,"menu_order":0,"comment_status":"closed","ping_status":"closed","template":"","meta":{"footnotes":""},"class_list":["post-368","page","type-page","status-publish","hentry"],"_links":{"self":[{"href":"https:\/\/sylviechartiernaturopathe.com\/index.php\/wp-json\/wp\/v2\/pages\/368","targetHints":{"allow":["GET"]}}],"collection":[{"href":"https:\/\/sylviechartiernaturopathe.com\/index.php\/wp-json\/wp\/v2\/pages"}],"about":[{"href":"https:\/\/sylviechartiernaturopathe.com\/index.php\/wp-json\/wp\/v2\/types\/page"}],"author":[{"embeddable":true,"href":"https:\/\/sylviechartiernaturopathe.com\/index.php\/wp-json\/wp\/v2\/users\/1"}],"replies":[{"embeddable":true,"href":"https:\/\/sylviechartiernaturopathe.com\/index.php\/wp-json\/wp\/v2\/comments?post=368"}],"version-history":[{"count":74,"href":"https:\/\/sylviechartiernaturopathe.com\/index.php\/wp-json\/wp\/v2\/pages\/368\/revisions"}],"predecessor-version":[{"id":1136,"href":"https:\/\/sylviechartiernaturopathe.com\/index.php\/wp-json\/wp\/v2\/pages\/368\/revisions\/1136"}],"wp:attachment":[{"href":"https:\/\/sylviechartiernaturopathe.com\/index.php\/wp-json\/wp\/v2\/media?parent=368"}],"curies":[{"name":"wp","href":"https:\/\/api.w.org\/{rel}","templated":true}]}}