{"id":366,"date":"2022-01-17T10:32:13","date_gmt":"2022-01-17T09:32:13","guid":{"rendered":"http:\/\/sylviechartiernaturopathe.com\/?page_id=366"},"modified":"2025-10-28T13:11:27","modified_gmt":"2025-10-28T12:11:27","slug":"massages","status":"publish","type":"page","link":"https:\/\/sylviechartiernaturopathe.com\/index.php\/massages\/","title":{"rendered":"Massages"},"content":{"rendered":"\t\t<div data-elementor-type=\"wp-page\" data-elementor-id=\"366\" class=\"elementor elementor-366\">\n\t\t\t\t\t\t\t\t\t<section class=\"elementor-section elementor-top-section elementor-element elementor-element-4cb37a42 elementor-section-boxed elementor-section-height-default elementor-section-height-default\" data-id=\"4cb37a42\" data-element_type=\"section\">\n\t\t\t\t\t\t<div class=\"elementor-container elementor-column-gap-default\">\n\t\t\t\t\t<div class=\"elementor-column elementor-col-100 elementor-top-column elementor-element elementor-element-6d72220e\" data-id=\"6d72220e\" data-element_type=\"column\">\n\t\t\t<div class=\"elementor-widget-wrap elementor-element-populated\">\n\t\t\t\t\t\t\t\t<div class=\"elementor-element elementor-element-7d796742 elementor-widget elementor-widget-text-editor\" data-id=\"7d796742\" data-element_type=\"widget\" data-widget_type=\"text-editor.default\">\n\t\t\t\t<div class=\"elementor-widget-container\">\n\t\t\t\t\t\t\t<p><em><strong>Amma<\/strong><\/em><strong> assis, <\/strong>une<em> m\u00e9thode de D\u00e9tente Corporelle et Mentale selon un Art Traditionnel Japonais d\u2019Acupression.<\/em><\/p><p><img loading=\"lazy\" decoding=\"async\" class=\"alignnone wp-image-444\" src=\"http:\/\/sylviechartiernaturopathe.com\/wp-content\/uploads\/2022\/01\/Amma-Assis-0702021-300x239.jpg\" alt=\"\" width=\"456\" height=\"363\" srcset=\"https:\/\/sylviechartiernaturopathe.com\/wp-content\/uploads\/2022\/01\/Amma-Assis-0702021-300x239.jpg 300w, https:\/\/sylviechartiernaturopathe.com\/wp-content\/uploads\/2022\/01\/Amma-Assis-0702021-75x60.jpg 75w, https:\/\/sylviechartiernaturopathe.com\/wp-content\/uploads\/2022\/01\/Amma-Assis-0702021.jpg 528w\" sizes=\"auto, (max-width: 456px) 100vw, 456px\" \/><\/p><p>Le massage Amma Assis combine plusieurs techniques corporelles qui s\u2019apparentent au Shiatsu: pressions, percussions, vibrations, tapotements, effleurages. Le praticien effectue un encha\u00eenement pr\u00e9cis appel\u00e9 \u00ab Kata \u00bb en japonais, litt\u00e9ralement \u00ab une s\u00e9rie d\u2019actions structur\u00e9es \u00bb. Le receveur du massage reste habill\u00e9, assis confortablement sur une chaise ergonomique. Le massage est appliqu\u00e9 sur le dos, les hanches, la nuque, les bras, les mains et la t\u00eate.<\/p><p>Le massage Amma Assis permet d&rsquo;\u00e9liminer les blocages \u00e9nerg\u00e9tiques et d&rsquo;\u00e9quilibrer les flux d&rsquo;\u00e9nergie par l&rsquo;exercice d&rsquo;une s\u00e9rie de mouvements sur des points sp\u00e9cifiques situ\u00e9s le long des m\u00e9ridiens, des muscles et des articulations.<\/p><p>Le Massage<strong> Amma Assis<\/strong> procure un \u00e9tat profond de relaxation et de bien-\u00eatre int\u00e9rieur en 20mn seulement.<\/p><p>Il rend le massage accessible \u00e0 un large public du fait qu\u2019il se pratique sur le lieu de travail, \u00e0 domicile, en \u00e9v\u00e9nementiel, s\u00e9minaires, journ\u00e9e portes ouvertes, s\u00e9jours bien-\u00eatre, etc.<\/p><p><strong>Le massage Amma Assis \u00e0 l\u2019am\u00e9lioration de votre qualit\u00e9 de vie :<\/strong><\/p><ul><li>Favorise une plus grande circulation d\u2019\u00e9nergie<\/li><li>Contribue \u00e0 la r\u00e9sistance au stress, apaise et calme<\/li><li>Favorise un sommeil r\u00e9parateur<\/li><li>Entra\u00eene une meilleure \u00e9limination des toxines<\/li><li>Soulage la douleur<\/li><li>R\u00e9duit les tensions musculaires<\/li><li style=\"text-align: center;\">Augmente la conscience de son corps et de ses ressentis<\/li><\/ul><p style=\"text-align: center;\"><strong>A quelle fr\u00e9quence recevoir une s\u00e9ance de Amma Assis\u00a0<\/strong><\/p><p>2 \u00e0 3 fois par mois<\/p>\t\t\t\t\t\t<\/div>\n\t\t\t\t<\/div>\n\t\t\t\t\t<\/div>\n\t\t<\/div>\n\t\t\t\t\t\t\t<\/div>\n\t\t<\/section>\n\t\t\t\t<section class=\"elementor-section elementor-top-section elementor-element elementor-element-c6d2eb2 elementor-section-boxed elementor-section-height-default elementor-section-height-default\" data-id=\"c6d2eb2\" data-element_type=\"section\">\n\t\t\t\t\t\t<div class=\"elementor-container elementor-column-gap-default\">\n\t\t\t\t\t<div class=\"elementor-column elementor-col-100 elementor-top-column elementor-element elementor-element-d3fa7ee\" data-id=\"d3fa7ee\" data-element_type=\"column\">\n\t\t\t<div class=\"elementor-widget-wrap elementor-element-populated\">\n\t\t\t\t\t\t\t\t<div class=\"elementor-element elementor-element-b51cc12 elementor-widget elementor-widget-text-editor\" data-id=\"b51cc12\" data-element_type=\"widget\" data-widget_type=\"text-editor.default\">\n\t\t\t\t<div class=\"elementor-widget-container\">\n\t\t\t\t\t\t\t<p style=\"text-align: center;\"><strong>Tarifs Massage Amma assis<\/strong><\/p><p style=\"text-align: center;\">1 s\u00e9ance 30 mn : 30\u20ac<\/p><p style=\"text-align: center;\">Forfait 3 s\u00e9ances de 30 mn : 75 \u20ac<\/p><p style=\"text-align: center;\">Forfait 5 s\u00e9ances de 30 mm : 100 \u20ac<\/p>\t\t\t\t\t\t<\/div>\n\t\t\t\t<\/div>\n\t\t\t\t\t<\/div>\n\t\t<\/div>\n\t\t\t\t\t\t\t<\/div>\n\t\t<\/section>\n\t\t\t\t<section class=\"elementor-section elementor-top-section elementor-element elementor-element-722ef9a elementor-section-boxed elementor-section-height-default elementor-section-height-default\" data-id=\"722ef9a\" data-element_type=\"section\">\n\t\t\t\t\t\t<div class=\"elementor-container elementor-column-gap-default\">\n\t\t\t\t\t<div class=\"elementor-column elementor-col-25 elementor-top-column elementor-element elementor-element-7aa9f46\" data-id=\"7aa9f46\" data-element_type=\"column\">\n\t\t\t<div class=\"elementor-widget-wrap elementor-element-populated\">\n\t\t\t\t\t\t\t\t<div class=\"elementor-element elementor-element-83ae66d elementor-widget elementor-widget-image\" data-id=\"83ae66d\" data-element_type=\"widget\" data-widget_type=\"image.default\">\n\t\t\t\t<div class=\"elementor-widget-container\">\n\t\t\t\t\t\t\t\t\t\t\t\t\t\t\t<img loading=\"lazy\" decoding=\"async\" width=\"840\" height=\"559\" src=\"https:\/\/sylviechartiernaturopathe.com\/wp-content\/uploads\/2024\/07\/massage-drainage-lymphatique-3666269_1280-1024x682.jpg\" class=\"attachment-large size-large wp-image-779\" alt=\"\" srcset=\"https:\/\/sylviechartiernaturopathe.com\/wp-content\/uploads\/2024\/07\/massage-drainage-lymphatique-3666269_1280-1024x682.jpg 1024w, https:\/\/sylviechartiernaturopathe.com\/wp-content\/uploads\/2024\/07\/massage-drainage-lymphatique-3666269_1280-300x200.jpg 300w, https:\/\/sylviechartiernaturopathe.com\/wp-content\/uploads\/2024\/07\/massage-drainage-lymphatique-3666269_1280-768x512.jpg 768w, https:\/\/sylviechartiernaturopathe.com\/wp-content\/uploads\/2024\/07\/massage-drainage-lymphatique-3666269_1280-90x60.jpg 90w, https:\/\/sylviechartiernaturopathe.com\/wp-content\/uploads\/2024\/07\/massage-drainage-lymphatique-3666269_1280-420x280.jpg 420w, https:\/\/sylviechartiernaturopathe.com\/wp-content\/uploads\/2024\/07\/massage-drainage-lymphatique-3666269_1280.jpg 1280w\" sizes=\"auto, (max-width: 840px) 100vw, 840px\" \/>\t\t\t\t\t\t\t\t\t\t\t\t\t\t\t<\/div>\n\t\t\t\t<\/div>\n\t\t\t\t<div class=\"elementor-element elementor-element-ce7e5f5 elementor-widget elementor-widget-heading\" data-id=\"ce7e5f5\" data-element_type=\"widget\" data-widget_type=\"heading.default\">\n\t\t\t\t<div class=\"elementor-widget-container\">\n\t\t\t<h2 class=\"elementor-heading-title elementor-size-small\">Drainage lymphatique<br>m\u00e9thode Vodder<\/h2>\t\t<\/div>\n\t\t\t\t<\/div>\n\t\t\t\t\t<\/div>\n\t\t<\/div>\n\t\t\t\t<div class=\"elementor-column elementor-col-50 elementor-top-column elementor-element elementor-element-fb09429\" data-id=\"fb09429\" data-element_type=\"column\">\n\t\t\t<div class=\"elementor-widget-wrap elementor-element-populated\">\n\t\t\t\t\t\t\t\t<div class=\"elementor-element elementor-element-01373ef elementor-widget elementor-widget-text-editor\" data-id=\"01373ef\" data-element_type=\"widget\" data-widget_type=\"text-editor.default\">\n\t\t\t\t<div class=\"elementor-widget-container\">\n\t\t\t\t\t\t\t<p><strong>Le drainage lymphatique<\/strong> est une technique, de massage manuel, douce con\u00e7ue pour stimuler la circulation de la Lymphe dans le corps, un liquide transparent et jaun\u00e2tre qui assure le transport de lymphocytes (connus pour leur r\u00f4le de d\u00e9fense de l\u2019organisme), contribue au transport des nutriments et des hormones.<\/p><p>Le syst\u00e8me lymphatique \u00e9limine les toxines, draine les exc\u00e8s de liquide et participe \u00e0 la d\u00e9toxication des organes et du corps.<\/p>\t\t\t\t\t\t<\/div>\n\t\t\t\t<\/div>\n\t\t\t\t<div class=\"elementor-element elementor-element-10b204f elementor-widget elementor-widget-text-editor\" data-id=\"10b204f\" data-element_type=\"widget\" data-widget_type=\"text-editor.default\">\n\t\t\t\t<div class=\"elementor-widget-container\">\n\t\t\t\t\t\t\t\t\t\t\t\t\t<\/div>\n\t\t\t\t<\/div>\n\t\t\t\t\t<\/div>\n\t\t<\/div>\n\t\t\t\t<div class=\"elementor-column elementor-col-25 elementor-top-column elementor-element elementor-element-ca2cf32\" data-id=\"ca2cf32\" data-element_type=\"column\">\n\t\t\t<div class=\"elementor-widget-wrap elementor-element-populated\">\n\t\t\t\t\t\t\t\t<div class=\"elementor-element elementor-element-c0533ef elementor-widget elementor-widget-text-editor\" data-id=\"c0533ef\" data-element_type=\"widget\" data-widget_type=\"text-editor.default\">\n\t\t\t\t<div class=\"elementor-widget-container\">\n\t\t\t\t\t\t\t<p>Le massage peut se faire sur certaines parties du corps ou sur le corps entier.<\/p><p>Efficace d\u00e9s la premi\u00e8re s\u00e9ance, il est recommand\u00e9 de le recevoir sous forme de cure d&rsquo;au moins 5 s\u00e9ances<\/p>\t\t\t\t\t\t<\/div>\n\t\t\t\t<\/div>\n\t\t\t\t\t<\/div>\n\t\t<\/div>\n\t\t\t\t\t\t\t<\/div>\n\t\t<\/section>\n\t\t\t\t<section class=\"elementor-section elementor-top-section elementor-element elementor-element-94f0838 elementor-section-boxed elementor-section-height-default elementor-section-height-default\" data-id=\"94f0838\" data-element_type=\"section\">\n\t\t\t\t\t\t<div class=\"elementor-container elementor-column-gap-default\">\n\t\t\t\t\t<div class=\"elementor-column elementor-col-100 elementor-top-column elementor-element elementor-element-9c71636\" data-id=\"9c71636\" data-element_type=\"column\">\n\t\t\t<div class=\"elementor-widget-wrap elementor-element-populated\">\n\t\t\t\t\t\t\t\t<div class=\"elementor-element elementor-element-09304e0 elementor-widget elementor-widget-text-editor\" data-id=\"09304e0\" data-element_type=\"widget\" data-widget_type=\"text-editor.default\">\n\t\t\t\t<div class=\"elementor-widget-container\">\n\t\t\t\t\t\t\t<p style=\"text-align: center;\"><strong>TARIFS drainage lymphatique (m\u00e9thode Vodder)<\/strong><\/p><p style=\"text-align: center;\"><strong>De 30 mn \u00e0 90 mn\u00a0 \u00a0 \u00a0 \u00a0 de 30\u20ac \u00e0 90\u20ac<\/strong><\/p>\t\t\t\t\t\t<\/div>\n\t\t\t\t<\/div>\n\t\t\t\t\t<\/div>\n\t\t<\/div>\n\t\t\t\t\t\t\t<\/div>\n\t\t<\/section>\n\t\t\t\t<section class=\"elementor-section elementor-top-section elementor-element elementor-element-a7d5851 elementor-section-boxed elementor-section-height-default elementor-section-height-default\" data-id=\"a7d5851\" data-element_type=\"section\">\n\t\t\t\t\t\t<div class=\"elementor-container elementor-column-gap-default\">\n\t\t\t\t\t<div class=\"elementor-column elementor-col-100 elementor-top-column elementor-element elementor-element-2210f6a\" data-id=\"2210f6a\" data-element_type=\"column\">\n\t\t\t<div class=\"elementor-widget-wrap elementor-element-populated\">\n\t\t\t\t\t\t\t\t<div class=\"elementor-element elementor-element-7fd83e1 elementor-widget elementor-widget-text-editor\" data-id=\"7fd83e1\" data-element_type=\"widget\" data-widget_type=\"text-editor.default\">\n\t\t\t\t<div class=\"elementor-widget-container\">\n\t\t\t\t\t\t\t<p style=\"text-align: center;\"><strong>S\u00e9ances 30 mn<\/strong><\/p><p style=\"text-align: center;\">5 s\u00e9ances :125\u20ac<\/p><p style=\"text-align: center;\">10 s\u00e9ances: 200\u20ac<\/p>\t\t\t\t\t\t<\/div>\n\t\t\t\t<\/div>\n\t\t\t\t\t<\/div>\n\t\t<\/div>\n\t\t\t\t\t\t\t<\/div>\n\t\t<\/section>\n\t\t\t\t<section class=\"elementor-section elementor-top-section elementor-element elementor-element-f8bbb8b elementor-section-boxed elementor-section-height-default elementor-section-height-default\" data-id=\"f8bbb8b\" data-element_type=\"section\">\n\t\t\t\t\t\t<div class=\"elementor-container elementor-column-gap-default\">\n\t\t\t\t\t<div class=\"elementor-column elementor-col-100 elementor-top-column elementor-element elementor-element-3bf0b6c\" data-id=\"3bf0b6c\" data-element_type=\"column\">\n\t\t\t<div class=\"elementor-widget-wrap elementor-element-populated\">\n\t\t\t\t\t\t\t\t<div class=\"elementor-element elementor-element-567bc4e elementor-widget elementor-widget-text-editor\" data-id=\"567bc4e\" data-element_type=\"widget\" data-widget_type=\"text-editor.default\">\n\t\t\t\t<div class=\"elementor-widget-container\">\n\t\t\t\t\t\t\t<p style=\"text-align: center;\"><strong>S\u00e9ances 60 mn<\/strong><\/p><p style=\"text-align: center;\">5 s\u00e9ances : 250 \u20ac<\/p><p style=\"text-align: center;\">10 S\u00e9ances: 400 \u20ac<\/p>\t\t\t\t\t\t<\/div>\n\t\t\t\t<\/div>\n\t\t\t\t\t<\/div>\n\t\t<\/div>\n\t\t\t\t\t\t\t<\/div>\n\t\t<\/section>\n\t\t\t\t<section class=\"elementor-section elementor-top-section elementor-element elementor-element-9f73d2b elementor-section-boxed elementor-section-height-default elementor-section-height-default\" data-id=\"9f73d2b\" data-element_type=\"section\">\n\t\t\t\t\t\t<div class=\"elementor-container elementor-column-gap-default\">\n\t\t\t\t\t<div class=\"elementor-column elementor-col-100 elementor-top-column elementor-element elementor-element-2452e21\" data-id=\"2452e21\" data-element_type=\"column\">\n\t\t\t<div class=\"elementor-widget-wrap elementor-element-populated\">\n\t\t\t\t\t\t\t\t<div class=\"elementor-element elementor-element-521b159 elementor-widget elementor-widget-text-editor\" data-id=\"521b159\" data-element_type=\"widget\" data-widget_type=\"text-editor.default\">\n\t\t\t\t<div class=\"elementor-widget-container\">\n\t\t\t\t\t\t\t<p style=\"text-align: center;\"><strong>S\u00e9ances 90 mn<\/strong><\/p><p style=\"text-align: center;\">5 s\u00e9ances : 375 \u20ac<\/p><p style=\"text-align: center;\">10 s\u00e9ances : 700 \u20ac<\/p>\t\t\t\t\t\t<\/div>\n\t\t\t\t<\/div>\n\t\t\t\t\t<\/div>\n\t\t<\/div>\n\t\t\t\t\t\t\t<\/div>\n\t\t<\/section>\n\t\t\t\t<section class=\"elementor-section elementor-top-section elementor-element elementor-element-d12c247 elementor-section-boxed elementor-section-height-default elementor-section-height-default\" data-id=\"d12c247\" data-element_type=\"section\">\n\t\t\t\t\t\t<div class=\"elementor-container elementor-column-gap-default\">\n\t\t\t\t\t<div class=\"elementor-column elementor-col-50 elementor-top-column elementor-element elementor-element-de2efda\" data-id=\"de2efda\" data-element_type=\"column\">\n\t\t\t<div class=\"elementor-widget-wrap elementor-element-populated\">\n\t\t\t\t\t\t\t\t<div class=\"elementor-element elementor-element-90ce18d elementor-widget elementor-widget-text-editor\" data-id=\"90ce18d\" data-element_type=\"widget\" data-widget_type=\"text-editor.default\">\n\t\t\t\t<div class=\"elementor-widget-container\">\n\t\t\t\t\t\t\t<p style=\"text-align: center;\"><strong>Les Bienfaits du drainage lymphatique<\/strong><\/p>\t\t\t\t\t\t<\/div>\n\t\t\t\t<\/div>\n\t\t\t\t\t<\/div>\n\t\t<\/div>\n\t\t\t\t<div class=\"elementor-column elementor-col-50 elementor-top-column elementor-element elementor-element-a731d98\" data-id=\"a731d98\" data-element_type=\"column\">\n\t\t\t<div class=\"elementor-widget-wrap\">\n\t\t\t\t\t\t\t\t\t<\/div>\n\t\t<\/div>\n\t\t\t\t\t\t\t<\/div>\n\t\t<\/section>\n\t\t\t\t<section class=\"elementor-section elementor-top-section elementor-element elementor-element-971b3ea elementor-section-boxed elementor-section-height-default elementor-section-height-default\" data-id=\"971b3ea\" data-element_type=\"section\">\n\t\t\t\t\t\t<div class=\"elementor-container elementor-column-gap-default\">\n\t\t\t\t\t<div class=\"elementor-column elementor-col-50 elementor-top-column elementor-element elementor-element-ec5e543\" data-id=\"ec5e543\" data-element_type=\"column\">\n\t\t\t<div class=\"elementor-widget-wrap elementor-element-populated\">\n\t\t\t\t\t\t\t\t<div class=\"elementor-element elementor-element-68a212b elementor-widget elementor-widget-text-editor\" data-id=\"68a212b\" data-element_type=\"widget\" data-widget_type=\"text-editor.default\">\n\t\t\t\t<div class=\"elementor-widget-container\">\n\t\t\t\t\t\t\t<ul><li>R\u00e9activer le drainage lymphatique<\/li><li>D\u00e9toxifier le corps<\/li><li>Diminuer le r\u00e9tention d&rsquo;eau<\/li><li>Att\u00e9nuer la cellulite aqueuse<\/li><li>R\u00e9duire la sensation de jambe lourdes<\/li><li>Activer le syst\u00e8me immunitaire<\/li><li>Favoriser la relaxation\u00a0<\/li><\/ul>\t\t\t\t\t\t<\/div>\n\t\t\t\t<\/div>\n\t\t\t\t\t<\/div>\n\t\t<\/div>\n\t\t\t\t<div class=\"elementor-column elementor-col-50 elementor-top-column elementor-element elementor-element-24bfc58\" data-id=\"24bfc58\" data-element_type=\"column\">\n\t\t\t<div class=\"elementor-widget-wrap\">\n\t\t\t\t\t\t\t\t\t<\/div>\n\t\t<\/div>\n\t\t\t\t\t\t\t<\/div>\n\t\t<\/section>\n\t\t\t\t<section class=\"elementor-section elementor-top-section elementor-element elementor-element-262d2cc elementor-section-boxed elementor-section-height-default elementor-section-height-default\" data-id=\"262d2cc\" data-element_type=\"section\">\n\t\t\t\t\t\t<div class=\"elementor-container elementor-column-gap-default\">\n\t\t\t\t\t<div class=\"elementor-column elementor-col-100 elementor-top-column elementor-element elementor-element-b0e9d8d\" data-id=\"b0e9d8d\" data-element_type=\"column\">\n\t\t\t<div class=\"elementor-widget-wrap elementor-element-populated\">\n\t\t\t\t\t\t\t\t<div class=\"elementor-element elementor-element-6fdf218 elementor-widget elementor-widget-text-editor\" data-id=\"6fdf218\" data-element_type=\"widget\" data-widget_type=\"text-editor.default\">\n\t\t\t\t<div class=\"elementor-widget-container\">\n\t\t\t\t\t\t\t<p style=\"text-align: center;\"><strong>Les contre indications<\/strong><\/p>\t\t\t\t\t\t<\/div>\n\t\t\t\t<\/div>\n\t\t\t\t\t<\/div>\n\t\t<\/div>\n\t\t\t\t\t\t\t<\/div>\n\t\t<\/section>\n\t\t\t\t<section class=\"elementor-section elementor-top-section elementor-element elementor-element-39f50ad elementor-section-boxed elementor-section-height-default elementor-section-height-default\" data-id=\"39f50ad\" data-element_type=\"section\">\n\t\t\t\t\t\t<div class=\"elementor-container elementor-column-gap-default\">\n\t\t\t\t\t<div class=\"elementor-column elementor-col-100 elementor-top-column elementor-element elementor-element-e5f3681\" data-id=\"e5f3681\" data-element_type=\"column\">\n\t\t\t<div class=\"elementor-widget-wrap elementor-element-populated\">\n\t\t\t\t\t\t\t\t<div class=\"elementor-element elementor-element-c227862 elementor-widget elementor-widget-text-editor\" data-id=\"c227862\" data-element_type=\"widget\" data-widget_type=\"text-editor.default\">\n\t\t\t\t<div class=\"elementor-widget-container\">\n\t\t\t\t\t\t\t<ul><li>Grossesse de moins de 3 mois\u00a0<\/li><li>Maladies malignes \u00e9volutives (cancer, sida, leuc\u00e9mie&#8230;)<\/li><li>Thrombose, phl\u00e9bite<\/li><li>Insuffisance r\u00e9nale ou cardiaque<\/li><li>processus inflammatoire (fi\u00e8vre)<\/li><li>Tuberculose active et toxoplasmose<\/li><li>Hypotension<\/li><li>Hyperthyroidie<\/li><\/ul><div>Toujours demander un avis m\u00e9dical avant d&rsquo;envisager un massage dans ces cas pr\u00e9cis.<\/div>\t\t\t\t\t\t<\/div>\n\t\t\t\t<\/div>\n\t\t\t\t\t<\/div>\n\t\t<\/div>\n\t\t\t\t\t\t\t<\/div>\n\t\t<\/section>\n\t\t\t\t<section class=\"elementor-section elementor-top-section elementor-element elementor-element-e423175 elementor-section-boxed elementor-section-height-default elementor-section-height-default\" data-id=\"e423175\" data-element_type=\"section\">\n\t\t\t\t\t\t<div class=\"elementor-container elementor-column-gap-default\">\n\t\t\t\t\t<div class=\"elementor-column elementor-col-100 elementor-top-column elementor-element elementor-element-192a3a2\" data-id=\"192a3a2\" data-element_type=\"column\">\n\t\t\t<div class=\"elementor-widget-wrap elementor-element-populated\">\n\t\t\t\t\t\t\t\t<div class=\"elementor-element elementor-element-33808ba elementor-widget elementor-widget-text-editor\" data-id=\"33808ba\" data-element_type=\"widget\" data-widget_type=\"text-editor.default\">\n\t\t\t\t<div class=\"elementor-widget-container\">\n\t\t\t\t\t\t\t<p style=\"text-align: center;\"><strong>Les trois cures<\/strong><\/p>\t\t\t\t\t\t<\/div>\n\t\t\t\t<\/div>\n\t\t\t\t\t<\/div>\n\t\t<\/div>\n\t\t\t\t\t\t\t<\/div>\n\t\t<\/section>\n\t\t\t\t<section class=\"elementor-section elementor-top-section elementor-element elementor-element-b0ee18f elementor-section-boxed elementor-section-height-default elementor-section-height-default\" data-id=\"b0ee18f\" data-element_type=\"section\">\n\t\t\t\t\t\t<div class=\"elementor-container elementor-column-gap-default\">\n\t\t\t\t\t<div class=\"elementor-column elementor-col-33 elementor-top-column elementor-element elementor-element-ac38945\" data-id=\"ac38945\" data-element_type=\"column\">\n\t\t\t<div class=\"elementor-widget-wrap elementor-element-populated\">\n\t\t\t\t\t\t\t\t<div class=\"elementor-element elementor-element-67f3af6 elementor-widget elementor-widget-text-editor\" data-id=\"67f3af6\" data-element_type=\"widget\" data-widget_type=\"text-editor.default\">\n\t\t\t\t<div class=\"elementor-widget-container\">\n\t\t\t\t\t\t\t<p style=\"text-align: center;\"><strong>Cure N\u00b0 1: Booster<\/strong><\/p><p style=\"text-align: center;\">2 fois par mois toutes les deux semaines sur 5 mois.<\/p><p style=\"text-align: center;\">10 s\u00e9ances.<\/p>\t\t\t\t\t\t<\/div>\n\t\t\t\t<\/div>\n\t\t\t\t\t<\/div>\n\t\t<\/div>\n\t\t\t\t<div class=\"elementor-column elementor-col-33 elementor-top-column elementor-element elementor-element-0c39ff1\" data-id=\"0c39ff1\" data-element_type=\"column\">\n\t\t\t<div class=\"elementor-widget-wrap elementor-element-populated\">\n\t\t\t\t\t\t\t\t<div class=\"elementor-element elementor-element-38e249f elementor-widget elementor-widget-text-editor\" data-id=\"38e249f\" data-element_type=\"widget\" data-widget_type=\"text-editor.default\">\n\t\t\t\t<div class=\"elementor-widget-container\">\n\t\t\t\t\t\t\t<p style=\"text-align: center;\"><strong>Cure N\u00b0 2 : Entretien<\/strong><\/p><p style=\"text-align: center;\">1 fois par mois sur 3 mois.<\/p><p style=\"text-align: center;\">3 s\u00e9ances.<\/p>\t\t\t\t\t\t<\/div>\n\t\t\t\t<\/div>\n\t\t\t\t\t<\/div>\n\t\t<\/div>\n\t\t\t\t<div class=\"elementor-column elementor-col-33 elementor-top-column elementor-element elementor-element-6a45152\" data-id=\"6a45152\" data-element_type=\"column\">\n\t\t\t<div class=\"elementor-widget-wrap elementor-element-populated\">\n\t\t\t\t\t\t\t\t<div class=\"elementor-element elementor-element-24eab77 elementor-widget elementor-widget-text-editor\" data-id=\"24eab77\" data-element_type=\"widget\" data-widget_type=\"text-editor.default\">\n\t\t\t\t<div class=\"elementor-widget-container\">\n\t\t\t\t\t\t\t<p style=\"text-align: center;\"><strong>Cure N\u00b0 3 : Confort<\/strong><\/p><p style=\"text-align: center;\">1 s\u00e9ance \u00e0 chaque changement de saison.<\/p><p style=\"text-align: center;\">4 s\u00e9ances par an.<\/p>\t\t\t\t\t\t<\/div>\n\t\t\t\t<\/div>\n\t\t\t\t\t<\/div>\n\t\t<\/div>\n\t\t\t\t\t\t\t<\/div>\n\t\t<\/section>\n\t\t\t\t\t\t\t<\/div>\n\t\t","protected":false},"excerpt":{"rendered":"<p>Amma assis, une m\u00e9thode de D\u00e9tente Corporelle et Mentale selon un Art Traditionnel Japonais d\u2019Acupression. Le massage Amma Assis combine plusieurs techniques corporelles qui s\u2019apparentent &hellip; <\/p>\n","protected":false},"author":1,"featured_media":0,"parent":0,"menu_order":0,"comment_status":"closed","ping_status":"closed","template":"","meta":{"footnotes":""},"class_list":["post-366","page","type-page","status-publish","hentry"],"_links":{"self":[{"href":"https:\/\/sylviechartiernaturopathe.com\/index.php\/wp-json\/wp\/v2\/pages\/366","targetHints":{"allow":["GET"]}}],"collection":[{"href":"https:\/\/sylviechartiernaturopathe.com\/index.php\/wp-json\/wp\/v2\/pages"}],"about":[{"href":"https:\/\/sylviechartiernaturopathe.com\/index.php\/wp-json\/wp\/v2\/types\/page"}],"author":[{"embeddable":true,"href":"https:\/\/sylviechartiernaturopathe.com\/index.php\/wp-json\/wp\/v2\/users\/1"}],"replies":[{"embeddable":true,"href":"https:\/\/sylviechartiernaturopathe.com\/index.php\/wp-json\/wp\/v2\/comments?post=366"}],"version-history":[{"count":146,"href":"https:\/\/sylviechartiernaturopathe.com\/index.php\/wp-json\/wp\/v2\/pages\/366\/revisions"}],"predecessor-version":[{"id":987,"href":"https:\/\/sylviechartiernaturopathe.com\/index.php\/wp-json\/wp\/v2\/pages\/366\/revisions\/987"}],"wp:attachment":[{"href":"https:\/\/sylviechartiernaturopathe.com\/index.php\/wp-json\/wp\/v2\/media?parent=366"}],"curies":[{"name":"wp","href":"https:\/\/api.w.org\/{rel}","templated":true}]}}