{"id":362,"date":"2022-01-17T10:31:46","date_gmt":"2022-01-17T09:31:46","guid":{"rendered":"http:\/\/sylviechartiernaturopathe.com\/?page_id=362"},"modified":"2025-10-30T14:21:05","modified_gmt":"2025-10-30T13:21:05","slug":"naturopathie-2","status":"publish","type":"page","link":"https:\/\/sylviechartiernaturopathe.com\/index.php\/naturopathie-2\/","title":{"rendered":"Naturopathie"},"content":{"rendered":"\t\t<div data-elementor-type=\"wp-page\" data-elementor-id=\"362\" class=\"elementor elementor-362\">\n\t\t\t\t\t\t\t\t\t<section class=\"elementor-section elementor-top-section elementor-element elementor-element-7e550836 elementor-section-boxed elementor-section-height-default elementor-section-height-default\" data-id=\"7e550836\" data-element_type=\"section\">\n\t\t\t\t\t\t<div class=\"elementor-container elementor-column-gap-default\">\n\t\t\t\t\t<div class=\"elementor-column elementor-col-100 elementor-top-column elementor-element elementor-element-2a1b5c82\" data-id=\"2a1b5c82\" data-element_type=\"column\">\n\t\t\t<div class=\"elementor-widget-wrap elementor-element-populated\">\n\t\t\t\t\t\t\t\t<div class=\"elementor-element elementor-element-1443e8d9 elementor-widget elementor-widget-text-editor\" data-id=\"1443e8d9\" data-element_type=\"widget\" data-widget_type=\"text-editor.default\">\n\t\t\t\t<div class=\"elementor-widget-container\">\n\t\t\t\t\t\t\t<p><em>Les 5 principes fondamentaux de la naturopathie<\/em><\/p>\n<ul>\n<li><em><strong>Avant tout ne pas nuire<\/strong>&nbsp;( Primum non nocere)<\/em><\/li>\n<li><em><strong>Le pouvoir de Dame nature gu\u00e9rit<\/strong>&nbsp;( Vis m\u00e9dicatrix nuturae)<\/em><\/li>\n<li><em><strong>Identifier et \u00e9liminer les causes<\/strong>&nbsp;(Tollen causam)<\/em><\/li>\n<li><em><strong>D\u00e9toxifier et purifier l\u2019organisme<\/strong>&nbsp;(Deinde purgare)<\/em><\/li>\n<li><em><strong>Enseigner<\/strong>&nbsp;(Docere)<\/em><\/li>\n<\/ul>\n<p><img loading=\"lazy\" decoding=\"async\" class=\" wp-image-480\" src=\"http:\/\/sylviechartiernaturopathe.com\/wp-content\/uploads\/2022\/01\/main-bulle-1129110491-612x612-1-300x151.jpg\" alt=\"\" width=\"399\" height=\"201\" srcset=\"https:\/\/sylviechartiernaturopathe.com\/wp-content\/uploads\/2022\/01\/main-bulle-1129110491-612x612-1-300x151.jpg 300w, https:\/\/sylviechartiernaturopathe.com\/wp-content\/uploads\/2022\/01\/main-bulle-1129110491-612x612-1-119x60.jpg 119w, https:\/\/sylviechartiernaturopathe.com\/wp-content\/uploads\/2022\/01\/main-bulle-1129110491-612x612-1-600x303.jpg 600w, https:\/\/sylviechartiernaturopathe.com\/wp-content\/uploads\/2022\/01\/main-bulle-1129110491-612x612-1.jpg 612w\" sizes=\"auto, (max-width: 399px) 100vw, 399px\" \/><\/p>\n<h2><strong><em>Une m\u00e9decine pr\u00e9ventive<\/em><\/strong><\/h2>\n<p>Etymologiquement d\u00e9riv\u00e9e des mots nature et pathologie, la&nbsp;<strong>naturopathie&nbsp;<\/strong>regroupe toutes les m\u00e9thodes naturelles de sant\u00e9 et place l\u2019hygi\u00e8ne de vie au c\u0153ur de la sant\u00e9 des individus.<\/p>\n<p>Selon le dictionnaire Larousse M\u00e9dical (2007), la naturopathie est \u00ab&nbsp;<i>un ensemble de pratiques visant \u00e0 aider l\u2019organisme \u00e0 gu\u00e9rir de lui-m\u00eame, par des moyens exclusivement naturels. Elle repose sur une th\u00e9orie selon laquelle la force vitale de l\u2019organisme permet \u00e0 celui-ci de d\u00e9fendre et de gu\u00e9rir spontan\u00e9ment. Elle consiste donc \u00e0 renforcer les r\u00e9actions de d\u00e9fense de l\u2019organisme par diverses mesures d\u2019hygi\u00e8ne (di\u00e9t\u00e9tique, je\u00fbne, musculation, relaxation, massages, thermalisme, thalassoth\u00e9rapie, etc.) aid\u00e9es par les seuls agents naturels (plantes, eaux, soleil, air pur, etc.), un traitement m\u00e9dical ne devant intervenir qu\u2019en cas d\u2019urgence<\/i>&nbsp;\u00bb<\/p>\n<p>La naturopathie va au del\u00e0 de cette d\u00e9finition, pour faire simple elle d\u00e9fend le capital sant\u00e9 qui repose sur l\u2019art de rester en bonne sant\u00e9, d\u2019\u00eatre acteur de sa sant\u00e9 et de prendre soin de soi par des moyens naturels.<\/p>\n<p>La naturopathie englobe l\u2019individu sur tous les plans de l\u2019\u00eatre parce qu\u2019elle suppose que l\u2019humain, dans sa globalit\u00e9 et l\u2019 \u00ab&nbsp;enti\u00e8ret\u00e9&nbsp;\u00bbqui le caract\u00e9risent, peut s\u2019exprimer sur diff\u00e9rents plans: physique, \u00e9nerg\u00e9tique, \u00e9motionnel, mental, spirituel et m\u00eame plan\u00e9taire( \u00e9cologie).<\/p>\n<p>Cette discipline se compose de 2 axes distincts mais compl\u00e9mentaires:<\/p>\n<ul>\n<li>Clefs d\u2019une hygi\u00e8ne de vie optimum (conseils alimentaires, gestion du stress, activit\u00e9s physiques et respiratoires, outils et techniques naturels : le naturopathe agit en qualit\u00e9 d\u2019un vrai \u00e9ducateur de sant\u00e9, dans un cadre de pr\u00e9vention primaire.<\/li>\n<li>Clefs naturopathiques individualis\u00e9es pour redynamiser les capacit\u00e9s d\u2019auto-gu\u00e9rison propres \u00e0 notre organisme.<\/li>\n<\/ul>\n<p>On peut donc conclure que la naturopathie a pour mission de pr\u00e9venir la maladie, de conserver la sant\u00e9, ou de l\u2019optimiser par un mode de vie plus sain.<\/p>\n<p>Le naturopathe contribue ainsi \u00e0 la promotion d\u2019une sant\u00e9 globale et durable, qui ne se substitue jamais \u00e0 la m\u00e9decine conventionnelle mais la compl\u00e8te, elle s\u2019inscrit en parfaite compl\u00e9mentarit\u00e9 avec les autres pratiques sanitaires, m\u00e9dicales, et\/ou param\u00e9dicales.<\/p>\n<p>&nbsp;<\/p>\n<hr>\n<p><strong>Consultations :<\/strong><\/p>\n\n<table id=\"tablepress-2\" class=\"tablepress tablepress-id-2\">\n<tbody class=\"row-hover\">\n<tr class=\"row-1 odd\">\n\t<td class=\"column-1\">1\u00e8re consultation (bilan naturopathique)<\/td><td class=\"column-2\">1h30<\/td><td class=\"column-3\">80\u20ac<\/td>\n<\/tr>\n<tr class=\"row-2 even\">\n\t<td class=\"column-1\">Consultation de suivi<\/td><td class=\"column-2\">1h<\/td><td class=\"column-3\">60\u20ac<\/td>\n<\/tr>\n<\/tbody>\n<\/table>\n<!-- #tablepress-2 from cache -->\t\t\t\t\t\t<\/div>\n\t\t\t\t<\/div>\n\t\t\t\t\t<\/div>\n\t\t<\/div>\n\t\t\t\t\t\t\t<\/div>\n\t\t<\/section>\n\t\t\t\t\t\t\t<\/div>\n\t\t","protected":false},"excerpt":{"rendered":"<p>Les 5 principes fondamentaux de la naturopathie Avant tout ne pas nuire\u00a0( Primum non nocere) Le pouvoir de Dame nature gu\u00e9rit\u00a0( Vis m\u00e9dicatrix nuturae) Identifier &hellip; <\/p>\n","protected":false},"author":1,"featured_media":0,"parent":0,"menu_order":0,"comment_status":"closed","ping_status":"closed","template":"","meta":{"footnotes":""},"class_list":["post-362","page","type-page","status-publish","hentry"],"_links":{"self":[{"href":"https:\/\/sylviechartiernaturopathe.com\/index.php\/wp-json\/wp\/v2\/pages\/362","targetHints":{"allow":["GET"]}}],"collection":[{"href":"https:\/\/sylviechartiernaturopathe.com\/index.php\/wp-json\/wp\/v2\/pages"}],"about":[{"href":"https:\/\/sylviechartiernaturopathe.com\/index.php\/wp-json\/wp\/v2\/types\/page"}],"author":[{"embeddable":true,"href":"https:\/\/sylviechartiernaturopathe.com\/index.php\/wp-json\/wp\/v2\/users\/1"}],"replies":[{"embeddable":true,"href":"https:\/\/sylviechartiernaturopathe.com\/index.php\/wp-json\/wp\/v2\/comments?post=362"}],"version-history":[{"count":21,"href":"https:\/\/sylviechartiernaturopathe.com\/index.php\/wp-json\/wp\/v2\/pages\/362\/revisions"}],"predecessor-version":[{"id":647,"href":"https:\/\/sylviechartiernaturopathe.com\/index.php\/wp-json\/wp\/v2\/pages\/362\/revisions\/647"}],"wp:attachment":[{"href":"https:\/\/sylviechartiernaturopathe.com\/index.php\/wp-json\/wp\/v2\/media?parent=362"}],"curies":[{"name":"wp","href":"https:\/\/api.w.org\/{rel}","templated":true}]}}