{"id":360,"date":"2022-01-17T10:31:26","date_gmt":"2022-01-17T09:31:26","guid":{"rendered":"http:\/\/sylviechartiernaturopathe.com\/?page_id=360"},"modified":"2026-02-13T18:51:29","modified_gmt":"2026-02-13T17:51:29","slug":"soins-energetiques","status":"publish","type":"page","link":"https:\/\/sylviechartiernaturopathe.com\/index.php\/soins-energetiques\/","title":{"rendered":"Soins \u00e9nerg\u00e9tiques"},"content":{"rendered":"\t\t<div data-elementor-type=\"wp-page\" data-elementor-id=\"360\" class=\"elementor elementor-360\">\n\t\t\t\t\t\t\t\t\t<section class=\"elementor-section elementor-top-section elementor-element elementor-element-1cadb39d elementor-section-boxed elementor-section-height-default elementor-section-height-default\" data-id=\"1cadb39d\" data-element_type=\"section\">\n\t\t\t\t\t\t<div class=\"elementor-container elementor-column-gap-default\">\n\t\t\t\t\t<div class=\"elementor-column elementor-col-100 elementor-top-column elementor-element elementor-element-1acb762c\" data-id=\"1acb762c\" data-element_type=\"column\">\n\t\t\t<div class=\"elementor-widget-wrap elementor-element-populated\">\n\t\t\t\t\t\t\t\t<div class=\"elementor-element elementor-element-58ba22e0 elementor-widget elementor-widget-text-editor\" data-id=\"58ba22e0\" data-element_type=\"widget\" data-widget_type=\"text-editor.default\">\n\t\t\t\t<div class=\"elementor-widget-container\">\n\t\t\t\t\t\t\t<p><em>Le soin \u00e9nerg\u00e9tique, comme toute autre approche alternative ne remplace en aucun cas une visite chez le m\u00e9decin. C&rsquo;est un compl\u00e9ment pour vous accompagner vers un mieux-\u00eatre. Seul un m\u00e9decin est habilit\u00e9 \u00e0 effectuer un diagnostic et \u00e0 proposer un traitement ad\u00e9quat. En cas de question sur votre \u00e9tat de sant\u00e9, contactez votre m\u00e9decin. De la m\u00eame mani\u00e8re, m\u00eame en cas d&rsquo;am\u00e9lioration de vos sympt\u00f4mes suite \u00e0 un soin \u00e9nerg\u00e9tique, n&rsquo;arr\u00eatez jamais un traitement m\u00e9dical sans l&rsquo;avis de votre m\u00e9decin.<\/em><\/p><h3><strong><em>S\u00e9ance \u00e9nerg\u00e9tique pour l&rsquo;harmonie du corps et de l&rsquo;esprit<\/em><\/strong><\/h3><p>Nous sommes tous constitu\u00e9 d\u2019\u00e9nergie. L\u2019\u00eatre humain est un concentr\u00e9 d\u2019\u00e9nergie vibratoire couvrant les corps physique, \u00e9motionnel, mental et spirituel. Les soins \u00e9nerg\u00e9tiques repr\u00e9sentent une pratique qui permet d\u2019 \u00e9liminer les \u00e9nergies usag\u00e9es, de dissoudre les blocages \u00e9nerg\u00e9tiques, d\u2019harmoniser les chakras, de recentrer les corps subtils et de r\u00e9activer la circulation de l\u2019\u00e9nergie pour \u00e9quilibrer la vitalit\u00e9. L\u2019\u00e9nerg\u00e9tique, c\u2019est l\u2019utilisation de l\u2019\u00e9nergie vitale qui nous entoure, de la capter et la transmettre pour harmoniser, \u00e9quilibrer le flux \u00e9nerg\u00e9tique du corps et de l\u2019esprit.<\/p><p><img loading=\"lazy\" decoding=\"async\" class=\" wp-image-437\" src=\"http:\/\/sylviechartiernaturopathe.com\/wp-content\/uploads\/2022\/01\/arc-en-ciel-612x612-1-300x126.jpg\" alt=\"\" width=\"505\" height=\"212\" srcset=\"https:\/\/sylviechartiernaturopathe.com\/wp-content\/uploads\/2022\/01\/arc-en-ciel-612x612-1-300x126.jpg 300w, https:\/\/sylviechartiernaturopathe.com\/wp-content\/uploads\/2022\/01\/arc-en-ciel-612x612-1-143x60.jpg 143w, https:\/\/sylviechartiernaturopathe.com\/wp-content\/uploads\/2022\/01\/arc-en-ciel-612x612-1-600x252.jpg 600w, https:\/\/sylviechartiernaturopathe.com\/wp-content\/uploads\/2022\/01\/arc-en-ciel-612x612-1.jpg 612w\" sizes=\"auto, (max-width: 505px) 100vw, 505px\" \/><\/p><p><strong>\u00a0<\/strong><\/p><p><strong>Comment se d\u00e9roule une s\u00e9ance ?<\/strong><\/p><p><span style=\"color: var( --e-global-color-text );\">Elle d\u00e9bute par un temps d\u2019\u00e9change, d\u2019\u00e9coute dans la bienveillance. Cet entretien a pour objectif de vous conna\u00eetre, de cibler vos blocages, ses origines et de d\u00e9finir votre demande. Sur une table de massage, les soins \u00e9nerg\u00e9tiques se pratiquent habill\u00e9s (v\u00eatements confortables de pr\u00e9f\u00e9rence) avec apposition des mains au-dessus du corps, sans aucun contact physique. Je capte les informations au niveau de votre champ \u00e9nerg\u00e9tique, qui contient l\u2019ensemble des informations en lien avec vos blocages. Je vous accompagne dans la lib\u00e9ration de ces blocages, blessures physiques, \u00e9motionnels, mentales et spirituelles, pour que vous retrouviez votre autonomie dans votre relation \u00e0 vous-m\u00eame et \u00e0 votre environnement. Chaque s\u00e9ance est unique, adapt\u00e9e \u00e0 votre \u00e9nergie, votre rythme, vous \u00eates acteur de votre cheminement et je suis l\u00e0 pour vous accompagner vers votre paix int\u00e9rieure.<\/span><\/p><p><strong>Origine des soins \u00e9nerg\u00e9tiques<\/strong><\/p><p><em>Le mot \u00e9nergie vient du grec \u00abenergia\u00bb : force en action. <\/em><em>L\u2019\u00e9nergie : puissance active de l\u2019organisme ( d\u00e9finition du dictionnaire)<\/em> elle apporte la notion d\u2019action, primordiale en \u00e9nerg\u00e9tique.<\/p><p>La physique quantique a permis d\u2019apporter une compr\u00e9hension scientifique. Les scientifiques parlent d\u2019ondes vibratoires repr\u00e9sent\u00e9es par des courbes sinuso\u00efdales sur des graphiques. L\u2019\u00e9nergie est donc mesurable par sa fr\u00e9quence et son amplitude.<\/p><p><em>\u00ab La th\u00e9orie, c\u2019est quand on sait tout et que rien ne fonctionne,<\/em> <em>la pratique, c\u2019est quand tout fonctionne et que personne ne sait pourquoi.<\/em> <em>Si la pratique et la th\u00e9orie sont r\u00e9unies, rien ne fonctionne et on ne sait pas pourquoi. \u00bb<\/em> <em>Albert Einstein (physicien)<\/em><\/p><p><strong>Les bienfaits des soins \u00e9nerg\u00e9tiques<\/strong><\/p><p>Destin\u00e9 \u00e0 tous, enfants (toujours accompagn\u00e9s d\u2019un adulte)<\/p><p>Adolescents, et adultes, les soins \u00e9nerg\u00e9tiques permettent de restaurer la protection du corps physique par une harmonisation des chakras (centres \u00e9nerg\u00e9tique) et par une \u00e9limination des blocages, ainsi l\u2019\u00e9nergie circule librement et permet le processus d\u2019auto-gu\u00e9rison pour :<\/p><ul><li>Troubles d\u2019ordre physique : douleur, inflammation, fatigue, perte de tonus&#8230;.<\/li><li>Troubles psycho-\u00e9motionnels : stress, anxi\u00e9t\u00e9, d\u00e9pression, troubles du sommeil, d\u00e9pendance&#8230;<\/li><li>Soulagement et\/ou lib\u00e9ration compl\u00e8te des douleurs physiques et \u00e9motionnelles<\/li><li>Lib\u00e9rations des \u00e9motions refoul\u00e9es<\/li><li>\u00c9liminations des toxines dans le corps<\/li><li>D\u00e9veloppement de l\u2019estime de soi et de la confiance en soi<\/li><li>Valorisation de ses ressources et de son potentiel<\/li><li>Lib\u00e9ration des m\u00e9moires cellulaires<\/li><\/ul><hr \/><p><strong>Consultation de soin \u00e9nerg\u00e9tique :<\/strong><\/p>\n<table id=\"tablepress-3\" class=\"tablepress tablepress-id-3\">\n<tbody class=\"row-hover\">\n<tr class=\"row-1 odd\">\n\t<td class=\"column-1\">Consultation de soin \u00e9nerg\u00e9tique<\/td><td class=\"column-2\">1h<\/td><td class=\"column-3\">60\u20ac<\/td>\n<\/tr>\n<\/tbody>\n<\/table>\n<!-- #tablepress-3 from cache -->\t\t\t\t\t\t<\/div>\n\t\t\t\t<\/div>\n\t\t\t\t\t<\/div>\n\t\t<\/div>\n\t\t\t\t\t\t\t<\/div>\n\t\t<\/section>\n\t\t\t\t<section class=\"elementor-section elementor-top-section elementor-element elementor-element-0b96590 elementor-section-boxed elementor-section-height-default elementor-section-height-default\" data-id=\"0b96590\" data-element_type=\"section\">\n\t\t\t\t\t\t<div class=\"elementor-container elementor-column-gap-default\">\n\t\t\t\t\t<div class=\"elementor-column elementor-col-100 elementor-top-column elementor-element elementor-element-67ce315\" data-id=\"67ce315\" data-element_type=\"column\">\n\t\t\t<div class=\"elementor-widget-wrap elementor-element-populated\">\n\t\t\t\t\t\t\t\t<div class=\"elementor-element elementor-element-60d52cf elementor-widget elementor-widget-heading\" data-id=\"60d52cf\" data-element_type=\"widget\" data-widget_type=\"heading.default\">\n\t\t\t\t<div class=\"elementor-widget-container\">\n\t\t\t<h2 class=\"elementor-heading-title elementor-size-default\">CONSCIENCE DE SOI\n\nEVOLUTION \nTRANSFORMATION\n<\/h2>\t\t<\/div>\n\t\t\t\t<\/div>\n\t\t\t\t\t<\/div>\n\t\t<\/div>\n\t\t\t\t\t\t\t<\/div>\n\t\t<\/section>\n\t\t\t\t<section class=\"elementor-section elementor-top-section elementor-element elementor-element-3b10e84 elementor-section-boxed elementor-section-height-default elementor-section-height-default\" data-id=\"3b10e84\" data-element_type=\"section\">\n\t\t\t\t\t\t<div class=\"elementor-container elementor-column-gap-default\">\n\t\t\t\t\t<div class=\"elementor-column elementor-col-50 elementor-top-column elementor-element elementor-element-ca4cb71\" data-id=\"ca4cb71\" data-element_type=\"column\">\n\t\t\t<div class=\"elementor-widget-wrap elementor-element-populated\">\n\t\t\t\t\t\t\t\t<div class=\"elementor-element elementor-element-e492dd4 elementor-widget elementor-widget-text-editor\" data-id=\"e492dd4\" data-element_type=\"widget\" data-widget_type=\"text-editor.default\">\n\t\t\t\t<div class=\"elementor-widget-container\">\n\t\t\t\t\t\t\t<p style=\"text-align: center;\">Changer sa vibration<\/p><p style=\"text-align: center;\">3 s\u00e9ances<\/p><p style=\"text-align: center;\">3 semaines \u00e0 suivre<\/p><p style=\"text-align: center;\">240\u20ac<\/p>\t\t\t\t\t\t<\/div>\n\t\t\t\t<\/div>\n\t\t\t\t\t<\/div>\n\t\t<\/div>\n\t\t\t\t<div class=\"elementor-column elementor-col-50 elementor-top-column elementor-element elementor-element-b5e0da4\" data-id=\"b5e0da4\" data-element_type=\"column\">\n\t\t\t<div class=\"elementor-widget-wrap elementor-element-populated\">\n\t\t\t\t\t\t\t\t<div class=\"elementor-element elementor-element-4b6b5eb elementor-widget elementor-widget-text-editor\" data-id=\"4b6b5eb\" data-element_type=\"widget\" data-widget_type=\"text-editor.default\">\n\t\t\t\t<div class=\"elementor-widget-container\">\n\t\t\t\t\t\t\t<p style=\"text-align: center;\">Reconnexion \u00e0\u00a0 SOI<\/p><p style=\"text-align: center;\">10 semaines<\/p><p style=\"text-align: center;\">3 semaines \u00e0 suivre, 1 semaine d\u2019int\u00e9gration sur 12 mois.<\/p><p style=\"text-align: center;\">900\u20ac<\/p>\t\t\t\t\t\t<\/div>\n\t\t\t\t<\/div>\n\t\t\t\t\t<\/div>\n\t\t<\/div>\n\t\t\t\t\t\t\t<\/div>\n\t\t<\/section>\n\t\t\t\t<section class=\"elementor-section elementor-top-section elementor-element elementor-element-92dd3ba elementor-section-boxed elementor-section-height-default elementor-section-height-default\" data-id=\"92dd3ba\" data-element_type=\"section\">\n\t\t\t\t\t\t<div class=\"elementor-container elementor-column-gap-default\">\n\t\t\t\t\t<div class=\"elementor-column elementor-col-100 elementor-top-column elementor-element elementor-element-50aac79\" data-id=\"50aac79\" data-element_type=\"column\">\n\t\t\t<div class=\"elementor-widget-wrap elementor-element-populated\">\n\t\t\t\t\t\t\t\t<div class=\"elementor-element elementor-element-fdef0cf elementor-widget elementor-widget-image\" data-id=\"fdef0cf\" data-element_type=\"widget\" data-widget_type=\"image.default\">\n\t\t\t\t<div class=\"elementor-widget-container\">\n\t\t\t\t\t\t\t\t\t\t\t\t\t\t\t<img loading=\"lazy\" decoding=\"async\" width=\"612\" height=\"408\" src=\"https:\/\/sylviechartiernaturopathe.com\/wp-content\/uploads\/2022\/01\/experience.jpg\" class=\"attachment-large size-large wp-image-477\" alt=\"\" srcset=\"https:\/\/sylviechartiernaturopathe.com\/wp-content\/uploads\/2022\/01\/experience.jpg 612w, https:\/\/sylviechartiernaturopathe.com\/wp-content\/uploads\/2022\/01\/experience-300x200.jpg 300w, https:\/\/sylviechartiernaturopathe.com\/wp-content\/uploads\/2022\/01\/experience-90x60.jpg 90w, https:\/\/sylviechartiernaturopathe.com\/wp-content\/uploads\/2022\/01\/experience-420x280.jpg 420w, https:\/\/sylviechartiernaturopathe.com\/wp-content\/uploads\/2022\/01\/experience-600x400.jpg 600w\" sizes=\"auto, (max-width: 612px) 100vw, 612px\" \/>\t\t\t\t\t\t\t\t\t\t\t\t\t\t\t<\/div>\n\t\t\t\t<\/div>\n\t\t\t\t\t<\/div>\n\t\t<\/div>\n\t\t\t\t\t\t\t<\/div>\n\t\t<\/section>\n\t\t\t\t\t\t\t<\/div>\n\t\t","protected":false},"excerpt":{"rendered":"<p>Le soin \u00e9nerg\u00e9tique, comme toute autre approche alternative ne remplace en aucun cas une visite chez le m\u00e9decin. C&rsquo;est un compl\u00e9ment pour vous accompagner vers &hellip; <\/p>\n","protected":false},"author":1,"featured_media":0,"parent":0,"menu_order":0,"comment_status":"closed","ping_status":"closed","template":"","meta":{"footnotes":""},"class_list":["post-360","page","type-page","status-publish","hentry"],"_links":{"self":[{"href":"https:\/\/sylviechartiernaturopathe.com\/index.php\/wp-json\/wp\/v2\/pages\/360","targetHints":{"allow":["GET"]}}],"collection":[{"href":"https:\/\/sylviechartiernaturopathe.com\/index.php\/wp-json\/wp\/v2\/pages"}],"about":[{"href":"https:\/\/sylviechartiernaturopathe.com\/index.php\/wp-json\/wp\/v2\/types\/page"}],"author":[{"embeddable":true,"href":"https:\/\/sylviechartiernaturopathe.com\/index.php\/wp-json\/wp\/v2\/users\/1"}],"replies":[{"embeddable":true,"href":"https:\/\/sylviechartiernaturopathe.com\/index.php\/wp-json\/wp\/v2\/comments?post=360"}],"version-history":[{"count":48,"href":"https:\/\/sylviechartiernaturopathe.com\/index.php\/wp-json\/wp\/v2\/pages\/360\/revisions"}],"predecessor-version":[{"id":1196,"href":"https:\/\/sylviechartiernaturopathe.com\/index.php\/wp-json\/wp\/v2\/pages\/360\/revisions\/1196"}],"wp:attachment":[{"href":"https:\/\/sylviechartiernaturopathe.com\/index.php\/wp-json\/wp\/v2\/media?parent=360"}],"curies":[{"name":"wp","href":"https:\/\/api.w.org\/{rel}","templated":true}]}}