{"id":3,"date":"2020-06-04T11:40:20","date_gmt":"2020-06-04T09:40:20","guid":{"rendered":"http:\/\/sylviechartiernaturopathe.com\/?page_id=3"},"modified":"2022-01-27T18:08:13","modified_gmt":"2022-01-27T17:08:13","slug":"politique-de-confidentialite","status":"publish","type":"page","link":"https:\/\/sylviechartiernaturopathe.com\/index.php\/politique-de-confidentialite\/","title":{"rendered":"Politique de confidentialit\u00e9"},"content":{"rendered":"\t\t<div data-elementor-type=\"wp-page\" data-elementor-id=\"3\" class=\"elementor elementor-3\">\n\t\t\t\t\t\t\t\t\t<section class=\"elementor-section elementor-top-section elementor-element elementor-element-99fee72 elementor-section-boxed elementor-section-height-default elementor-section-height-default\" data-id=\"99fee72\" data-element_type=\"section\">\n\t\t\t\t\t\t<div class=\"elementor-container elementor-column-gap-default\">\n\t\t\t\t\t<div class=\"elementor-column elementor-col-100 elementor-top-column elementor-element elementor-element-3380f93\" data-id=\"3380f93\" data-element_type=\"column\">\n\t\t\t<div class=\"elementor-widget-wrap elementor-element-populated\">\n\t\t\t\t\t\t\t\t<div class=\"elementor-element elementor-element-deffd98 elementor-widget elementor-widget-text-editor\" data-id=\"deffd98\" data-element_type=\"widget\" data-widget_type=\"text-editor.default\">\n\t\t\t\t<div class=\"elementor-widget-container\">\n\t\t\t\t\t\t\t<p><strong>1. Pr\u00e9sentation du site :<br \/><\/strong>Conform\u00e9ment aux dispositions des articles 6-III et 19 de la Loi n\u00b0 2004-575 du 21 juin 2004 pour la Confiance dans l\u2019\u00e9conomie num\u00e9rique, dite L.C.E.N., nous portons \u00e0 la connaissance des utilisateurs et visiteurs du site : <a href=\"http:\/\/www.sylviechartiernaturopathe.com\">www.sylviechartiernaturopathe.com<\/a>\u00a0les informations suivantes :<\/p>\n<p><strong>Informations l\u00e9gales :<br \/><\/strong>Statut du propri\u00e9taire : Auto-entrepreneur<br \/>Nom de la Soci\u00e9t\u00e9 : L&rsquo;INSTANT NATURO-\u00c9NERGIE<br \/>Adresse : 1 la Tuderie, 72340 Loir en Vall\u00e9e<br \/>Au Capital de : \u2013 \u20ac<br \/>SIRET : 511 835 654 00035<br \/>TVA : non applicable selon l\u2019article 293 B du Code G\u00e9n\u00e9ral des Imp\u00f4ts<br \/>Adresse de courrier \u00e9lectronique : <a href=\"mailto:naturopathesc@gmail.com\">naturopathesc@gmail.com<\/a><\/p>\n<p>Le Cr\u00e9ateur du site est : MSV Webmaster<\/p>\n<p>Le Responsable de la publication est : Sylvie Chartier-Pollet (L&rsquo;instant naturo-\u00e9nergie)<br \/>Contactez le responsable de la publication : <a href=\"mailto:naturopathesc@gmail.com\">naturopathesc@gmail.com<\/a><\/p>\n<p>Le responsable de la publication est une personne physique.<\/p>\n<p>Le Webmaster est : Marion Sueur-Vermeulen (MSV Webmaster)<br \/>Contactez le Webmaster :\u00a0<a href=\"mailto:msv.webmaster@gmail.com\" target=\"_blank\" rel=\"noreferrer noopener\">msv.webmaster@gmail.com<\/a><\/p>\n<p>L\u2019h\u00e9bergeur du site est : WORDPRESS.COM \u2013 60 29th Street #343, San Francisco, CA 94110-4929, United States of America<\/p>\n<figure class=\"wp-block-image size-thumbnail is-resized is-style-circle-mask\"><img loading=\"lazy\" decoding=\"async\" class=\"wp-image-18\" src=\"http:\/\/manoirdugouverneur.fr\/wp-content\/uploads\/2019\/03\/blanc-150x150.jpg\" sizes=\"auto, (max-width: 15px) 100vw, 15px\" srcset=\"http:\/\/manoirdugouverneur.fr\/wp-content\/uploads\/2019\/03\/blanc-150x150.jpg 150w, http:\/\/manoirdugouverneur.fr\/wp-content\/uploads\/2019\/03\/blanc-300x300.jpg 300w, http:\/\/manoirdugouverneur.fr\/wp-content\/uploads\/2019\/03\/blanc-100x100.jpg 100w\" alt=\"\" width=\"15\" height=\"15\" \/><\/figure>\n<p><strong>2. Description des services fournis :<br \/><\/strong>Le site <a href=\"http:\/\/www.sylviechartiernaturopathe.com\">www.sylviechartiernaturopathe.com<\/a> a pour objet de fournir une information concernant l\u2019ensemble des activit\u00e9s de la soci\u00e9t\u00e9. Le propri\u00e9taire du site s\u2019efforce de fournir sur le site <a href=\"http:\/\/www.sylviechartiernaturopathe.com\">www.sylviechartiernaturopathe.com<\/a>\u00a0des informations aussi pr\u00e9cises que possible. Toutefois, il ne pourra \u00eatre tenue responsable des omissions, des inexactitudes et des carences dans la mise \u00e0 jour, qu\u2019elles soient de son fait ou du fait des tiers partenaires qui lui fournissent ces informations.<\/p>\n<p>Toutes les informations propos\u00e9es sur le site <a href=\"http:\/\/www.sylviechartiernaturopathe.com\">www.sylviechartiernaturopathe.com<\/a>\u00a0sont donn\u00e9es \u00e0 titre indicatif, sont non exhaustives, et sont susceptibles d\u2019\u00e9voluer. Elles sont donn\u00e9es sous r\u00e9serve de modifications ayant \u00e9t\u00e9 apport\u00e9es depuis leur mise en ligne.<\/p>\n<figure class=\"wp-block-image size-thumbnail is-resized is-style-circle-mask\"><img loading=\"lazy\" decoding=\"async\" class=\"wp-image-18\" src=\"http:\/\/manoirdugouverneur.fr\/wp-content\/uploads\/2019\/03\/blanc-150x150.jpg\" sizes=\"auto, (max-width: 15px) 100vw, 15px\" srcset=\"http:\/\/manoirdugouverneur.fr\/wp-content\/uploads\/2019\/03\/blanc-150x150.jpg 150w, http:\/\/manoirdugouverneur.fr\/wp-content\/uploads\/2019\/03\/blanc-300x300.jpg 300w, http:\/\/manoirdugouverneur.fr\/wp-content\/uploads\/2019\/03\/blanc-100x100.jpg 100w\" alt=\"\" width=\"15\" height=\"15\" \/><\/figure>\n<p><strong>3. Propri\u00e9t\u00e9 intellectuelle et contrefa\u00e7ons :<br \/><\/strong>Le propri\u00e9taire du site est propri\u00e9taire des droits de propri\u00e9t\u00e9 intellectuelle ou d\u00e9tient les droits d\u2019usage sur tous les \u00e9l\u00e9ments accessibles sur le site, notamment les textes, images, graphismes, logo, ic\u00f4nes, sons, logiciels\u2026<\/p>\n<p>Toute reproduction, repr\u00e9sentation, modification, publication, adaptation totale ou partielle des \u00e9l\u00e9ments du site, quel que soit le moyen ou le proc\u00e9d\u00e9 utilis\u00e9, est interdite, sauf autorisation \u00e9crite pr\u00e9alable \u00e0 l\u2019email :\u00a0<a href=\"mailto:msv.webmaster@gmail.com\" target=\"_blank\" rel=\"noreferrer noopener\" aria-label=\" (opens in a new tab)\">msv.webmaster@gmail.com<\/a>.<\/p>\n<p>Toute exploitation non autoris\u00e9e du site ou de l\u2019un quelconque de ces \u00e9l\u00e9ments qu\u2019il contient sera consid\u00e9r\u00e9e comme constitutive d\u2019une contrefa\u00e7on et poursuivie conform\u00e9ment aux dispositions des articles L.335-2 et suivants du Code de Propri\u00e9t\u00e9 Intellectuelle.<\/p>\n<figure class=\"wp-block-image size-thumbnail is-resized is-style-circle-mask\"><img loading=\"lazy\" decoding=\"async\" class=\"wp-image-18\" src=\"http:\/\/manoirdugouverneur.fr\/wp-content\/uploads\/2019\/03\/blanc-150x150.jpg\" sizes=\"auto, (max-width: 15px) 100vw, 15px\" srcset=\"http:\/\/manoirdugouverneur.fr\/wp-content\/uploads\/2019\/03\/blanc-150x150.jpg 150w, http:\/\/manoirdugouverneur.fr\/wp-content\/uploads\/2019\/03\/blanc-300x300.jpg 300w, http:\/\/manoirdugouverneur.fr\/wp-content\/uploads\/2019\/03\/blanc-100x100.jpg 100w\" alt=\"\" width=\"15\" height=\"15\" \/><\/figure>\n<p><strong>4. Liens hypertextes :<br \/><\/strong>Le site <a href=\"http:\/\/www.sylviechartiernaturopathe.com\">www.sylviechartiernaturopathe.com<\/a> contient un certain nombre de liens hypertextes vers d\u2019autres sites (partenaires, informations \u2026) mis en place avec l\u2019autorisation de le propri\u00e9taire du site. Cependant, le propri\u00e9taire du site n\u2019a pas la possibilit\u00e9 de v\u00e9rifier le contenu des sites ainsi visit\u00e9s et d\u00e9cline donc toute responsabilit\u00e9 de ce fait quand aux risques \u00e9ventuels de contenus illicites.<\/p>\n<figure class=\"wp-block-image size-thumbnail is-resized is-style-circle-mask\"><img loading=\"lazy\" decoding=\"async\" class=\"wp-image-18\" src=\"http:\/\/manoirdugouverneur.fr\/wp-content\/uploads\/2019\/03\/blanc-150x150.jpg\" sizes=\"auto, (max-width: 15px) 100vw, 15px\" srcset=\"http:\/\/manoirdugouverneur.fr\/wp-content\/uploads\/2019\/03\/blanc-150x150.jpg 150w, http:\/\/manoirdugouverneur.fr\/wp-content\/uploads\/2019\/03\/blanc-300x300.jpg 300w, http:\/\/manoirdugouverneur.fr\/wp-content\/uploads\/2019\/03\/blanc-100x100.jpg 100w\" alt=\"\" width=\"15\" height=\"15\" \/><\/figure>\n<p><strong>5. Protection des biens et des personnes \u2013 gestion des donn\u00e9es personnelles :<br \/><\/strong>Utilisateur : Internaute utilisant le site susnomm\u00e9 : <a href=\"http:\/\/www.sylviechartiernaturopathe.com\">www.sylviechartiernaturopathe.com<\/a><\/p>\n<p>En France, les donn\u00e9es personnelles sont notamment prot\u00e9g\u00e9es par la loi n\u00b0 78-87 du 6 janvier 1978, la loi n\u00b0 2004-801 du 6 ao\u00fbt 2004, l\u2019article L. 226-13 du Code p\u00e9nal et la Directive Europ\u00e9enne du 24 octobre 1995.<\/p>\n<p>Sur le site <a href=\"http:\/\/www.sylviechartiernaturopathe.com\">www.sylviechartiernaturopathe.com<\/a>, le propri\u00e9taire du site ne collecte des informations personnelles relatives \u00e0 l\u2019utilisateur que pour le besoin de certains services propos\u00e9s par le site <a href=\"http:\/\/www.sylviechartiernaturopathe.com\">www.sylviechartiernaturopathe.com<\/a>. L\u2019utilisateur fournit ces informations en toute connaissance de cause, notamment lorsqu\u2019il proc\u00e8de par lui-m\u00eame \u00e0 leur saisie. Il est alors pr\u00e9cis\u00e9 \u00e0 l\u2019utilisateur du site <a href=\"http:\/\/www.sylviechartiernaturopathe.com\">www.sylviechartiernaturopathe.com<\/a>\u00a0l\u2019obligation ou non de fournir ces informations.<\/p>\n<p>Conform\u00e9ment aux dispositions des articles 38 et suivants de la loi 78-17 du 6 janvier 1978 relative \u00e0 l\u2019informatique, aux fichiers et aux libert\u00e9s, tout utilisateur dispose d\u2019un droit d\u2019acc\u00e8s, de rectification, de suppression et d\u2019opposition aux donn\u00e9es personnelles le concernant. Pour l\u2019exercer, adressez votre demande \u00e0 <a href=\"http:\/\/www.sylviechartiernaturopathe.com\">www.sylviechartiernaturopathe.com<\/a>, par email\u00a0<a href=\"mailto:naturopathesc@gmail.com\">naturopathesc@gmail.com<\/a>\u00a0ou en effectuant sa demande \u00e9crite et sign\u00e9e, accompagn\u00e9e d\u2019une copie du titre d\u2019identit\u00e9 avec signature du titulaire de la pi\u00e8ce, en pr\u00e9cisant l\u2019adresse \u00e0 laquelle la r\u00e9ponse doit \u00eatre envoy\u00e9e.<\/p>\n<p>Les bases de donn\u00e9es sont prot\u00e9g\u00e9es par les dispositions de la loi du 1er juillet 1998 transposant la directive 96\/9 du 11 mars 1996 relative \u00e0 la protection juridique des bases de donn\u00e9es.<\/p>\t\t\t\t\t\t<\/div>\n\t\t\t\t<\/div>\n\t\t\t\t\t<\/div>\n\t\t<\/div>\n\t\t\t\t\t\t\t<\/div>\n\t\t<\/section>\n\t\t\t\t\t\t\t<\/div>\n\t\t","protected":false},"excerpt":{"rendered":"<p>1. Pr\u00e9sentation du site :Conform\u00e9ment aux dispositions des articles 6-III et 19 de la Loi n\u00b0 2004-575 du 21 juin 2004 pour la Confiance dans &hellip; <\/p>\n","protected":false},"author":1,"featured_media":0,"parent":0,"menu_order":0,"comment_status":"closed","ping_status":"open","template":"","meta":{"footnotes":""},"class_list":["post-3","page","type-page","status-publish","hentry"],"_links":{"self":[{"href":"https:\/\/sylviechartiernaturopathe.com\/index.php\/wp-json\/wp\/v2\/pages\/3","targetHints":{"allow":["GET"]}}],"collection":[{"href":"https:\/\/sylviechartiernaturopathe.com\/index.php\/wp-json\/wp\/v2\/pages"}],"about":[{"href":"https:\/\/sylviechartiernaturopathe.com\/index.php\/wp-json\/wp\/v2\/types\/page"}],"author":[{"embeddable":true,"href":"https:\/\/sylviechartiernaturopathe.com\/index.php\/wp-json\/wp\/v2\/users\/1"}],"replies":[{"embeddable":true,"href":"https:\/\/sylviechartiernaturopathe.com\/index.php\/wp-json\/wp\/v2\/comments?post=3"}],"version-history":[{"count":4,"href":"https:\/\/sylviechartiernaturopathe.com\/index.php\/wp-json\/wp\/v2\/pages\/3\/revisions"}],"predecessor-version":[{"id":646,"href":"https:\/\/sylviechartiernaturopathe.com\/index.php\/wp-json\/wp\/v2\/pages\/3\/revisions\/646"}],"wp:attachment":[{"href":"https:\/\/sylviechartiernaturopathe.com\/index.php\/wp-json\/wp\/v2\/media?parent=3"}],"curies":[{"name":"wp","href":"https:\/\/api.w.org\/{rel}","templated":true}]}}