{"id":249,"date":"2020-07-03T09:16:43","date_gmt":"2020-07-03T07:16:43","guid":{"rendered":"http:\/\/sylviechartiernaturopathe.com\/?page_id=249"},"modified":"2022-01-27T17:45:24","modified_gmt":"2022-01-27T16:45:24","slug":"mentions-legales","status":"publish","type":"page","link":"https:\/\/sylviechartiernaturopathe.com\/index.php\/mentions-legales\/","title":{"rendered":"Mentions l\u00e9gales"},"content":{"rendered":"\t\t<div data-elementor-type=\"wp-page\" data-elementor-id=\"249\" class=\"elementor elementor-249\">\n\t\t\t\t\t\t\t\t\t<section class=\"elementor-section elementor-top-section elementor-element elementor-element-b9abfa3 elementor-section-boxed elementor-section-height-default elementor-section-height-default\" data-id=\"b9abfa3\" data-element_type=\"section\">\n\t\t\t\t\t\t<div class=\"elementor-container elementor-column-gap-default\">\n\t\t\t\t\t<div class=\"elementor-column elementor-col-100 elementor-top-column elementor-element elementor-element-6caefd6\" data-id=\"6caefd6\" data-element_type=\"column\">\n\t\t\t<div class=\"elementor-widget-wrap elementor-element-populated\">\n\t\t\t\t\t\t\t\t<div class=\"elementor-element elementor-element-0651cda elementor-widget elementor-widget-text-editor\" data-id=\"0651cda\" data-element_type=\"widget\" data-widget_type=\"text-editor.default\">\n\t\t\t\t<div class=\"elementor-widget-container\">\n\t\t\t\t\t\t\t<p><em>Ci-apr\u00e8s la soci\u00e9t\u00e9 d\u00e9nomm\u00e9e :<\/em><\/p><p><strong>SYLVIE CHARTIER-POLLET<\/strong><br \/><strong>pour L&rsquo;INSTANT NATURO-\u00c9NERGIE<\/strong><br \/>Siren : 511 835 654<br \/>Siret : 511 835 654 00035<br \/>APE : 8690F Activit\u00e9s de sant\u00e9 humaine non class\u00e9es ailleurs<\/p><p><strong>Adresse postale :<\/strong><br \/>1 la Tuderie<br \/>72340 Loir en Vall\u00e9e<br \/>Email : naturopathesc@gmail.com<br \/>Site : <a href=\"http:\/\/sylviechartiernaturopathe.com\/\">http:\/\/sylviechartiernaturopathe.com\/<\/a><\/p><p>\u00a0<\/p><p><strong>Mentions l\u00e9gales de l\u2019h\u00e9bergeur :<br \/><\/strong>WORDPRESS.COM<\/p><p>Si\u00e8ge social :<br \/>60 29th Street #343,<br \/>San Francisco,<br \/>CA 94110-4929,<br \/>United States of America<\/p><p>Site :\u00a0<a href=\"http:\/\/www.wordpress.com\/\">http:\/\/www.wordpress.com<\/a><\/p>\t\t\t\t\t\t<\/div>\n\t\t\t\t<\/div>\n\t\t\t\t\t<\/div>\n\t\t<\/div>\n\t\t\t\t\t\t\t<\/div>\n\t\t<\/section>\n\t\t\t\t\t\t\t<\/div>\n\t\t","protected":false},"excerpt":{"rendered":"<p>Ci-apr\u00e8s la soci\u00e9t\u00e9 d\u00e9nomm\u00e9e : SYLVIE CHARTIER-POLLETpour L&rsquo;INSTANT NATURO-\u00c9NERGIESiren : 511 835 654Siret : 511 835 654 00035APE : 8690F Activit\u00e9s de sant\u00e9 humaine non &hellip; <\/p>\n","protected":false},"author":1,"featured_media":0,"parent":0,"menu_order":0,"comment_status":"closed","ping_status":"closed","template":"","meta":{"footnotes":""},"class_list":["post-249","page","type-page","status-publish","hentry"],"_links":{"self":[{"href":"https:\/\/sylviechartiernaturopathe.com\/index.php\/wp-json\/wp\/v2\/pages\/249","targetHints":{"allow":["GET"]}}],"collection":[{"href":"https:\/\/sylviechartiernaturopathe.com\/index.php\/wp-json\/wp\/v2\/pages"}],"about":[{"href":"https:\/\/sylviechartiernaturopathe.com\/index.php\/wp-json\/wp\/v2\/types\/page"}],"author":[{"embeddable":true,"href":"https:\/\/sylviechartiernaturopathe.com\/index.php\/wp-json\/wp\/v2\/users\/1"}],"replies":[{"embeddable":true,"href":"https:\/\/sylviechartiernaturopathe.com\/index.php\/wp-json\/wp\/v2\/comments?post=249"}],"version-history":[{"count":13,"href":"https:\/\/sylviechartiernaturopathe.com\/index.php\/wp-json\/wp\/v2\/pages\/249\/revisions"}],"predecessor-version":[{"id":632,"href":"https:\/\/sylviechartiernaturopathe.com\/index.php\/wp-json\/wp\/v2\/pages\/249\/revisions\/632"}],"wp:attachment":[{"href":"https:\/\/sylviechartiernaturopathe.com\/index.php\/wp-json\/wp\/v2\/media?parent=249"}],"curies":[{"name":"wp","href":"https:\/\/api.w.org\/{rel}","templated":true}]}}